{"id":1253,"date":"2022-12-20T06:55:37","date_gmt":"2022-12-20T09:55:37","guid":{"rendered":"http:\/\/brafp.org.br\/iafp2024\/?page_id=1253"},"modified":"2024-08-01T08:44:48","modified_gmt":"2024-08-01T11:44:48","slug":"resumos","status":"publish","type":"page","link":"https:\/\/brafp.org.br\/iafp2024\/resumos\/","title":{"rendered":"Resumos"},"content":{"rendered":"\t\t<div data-elementor-type=\"wp-page\" data-elementor-id=\"1253\" class=\"elementor elementor-1253\" data-elementor-post-type=\"page\">\n\t\t\t\t\t\t\t\t\t<section class=\"elementor-section elementor-top-section elementor-element elementor-element-e5241c3 elementor-section-boxed elementor-section-height-default elementor-section-height-default\" data-id=\"e5241c3\" data-element_type=\"section\" data-settings=\"{&quot;background_background&quot;:&quot;classic&quot;}\">\n\t\t\t\t\t\t<div class=\"elementor-container elementor-column-gap-default\">\n\t\t\t\t\t<div class=\"elementor-column elementor-col-100 elementor-top-column elementor-element elementor-element-87732ad\" data-id=\"87732ad\" data-element_type=\"column\">\n\t\t\t<div class=\"elementor-widget-wrap elementor-element-populated\">\n\t\t\t\t\t\t\t\t<div class=\"elementor-element elementor-element-2717128 elementor-widget elementor-widget-heading\" data-id=\"2717128\" data-element_type=\"widget\" data-widget_type=\"heading.default\">\n\t\t\t\t<div class=\"elementor-widget-container\">\n\t\t\t<style>\/*! elementor - v3.16.0 - 17-10-2023 *\/\n.elementor-heading-title{padding:0;margin:0;line-height:1}.elementor-widget-heading .elementor-heading-title[class*=elementor-size-]>a{color:inherit;font-size:inherit;line-height:inherit}.elementor-widget-heading .elementor-heading-title.elementor-size-small{font-size:15px}.elementor-widget-heading .elementor-heading-title.elementor-size-medium{font-size:19px}.elementor-widget-heading .elementor-heading-title.elementor-size-large{font-size:29px}.elementor-widget-heading .elementor-heading-title.elementor-size-xl{font-size:39px}.elementor-widget-heading .elementor-heading-title.elementor-size-xxl{font-size:59px}<\/style><p class=\"elementor-heading-title elementor-size-default\">Resumos<\/p>\t\t<\/div>\n\t\t\t\t<\/div>\n\t\t\t\t<div class=\"elementor-element elementor-element-9bb9227 elementor-widget elementor-widget-theme-post-title elementor-page-title elementor-widget-heading\" data-id=\"9bb9227\" data-element_type=\"widget\" data-widget_type=\"theme-post-title.default\">\n\t\t\t\t<div class=\"elementor-widget-container\">\n\t\t\t<h1 class=\"elementor-heading-title elementor-size-default\">Inicial \/\/  Resumos<\/h1>\t\t<\/div>\n\t\t\t\t<\/div>\n\t\t\t\t<div class=\"elementor-element elementor-element-f938e04 elementor-widget elementor-widget-text-editor\" data-id=\"f938e04\" data-element_type=\"widget\" data-widget_type=\"text-editor.default\">\n\t\t\t\t<div class=\"elementor-widget-container\">\n\t\t\t<style>\/*! elementor - v3.16.0 - 17-10-2023 *\/\n.elementor-widget-text-editor.elementor-drop-cap-view-stacked .elementor-drop-cap{background-color:#69727d;color:#fff}.elementor-widget-text-editor.elementor-drop-cap-view-framed .elementor-drop-cap{color:#69727d;border:3px solid;background-color:transparent}.elementor-widget-text-editor:not(.elementor-drop-cap-view-default) .elementor-drop-cap{margin-top:8px}.elementor-widget-text-editor:not(.elementor-drop-cap-view-default) .elementor-drop-cap-letter{width:1em;height:1em}.elementor-widget-text-editor .elementor-drop-cap{float:left;text-align:center;line-height:1;font-size:50px}.elementor-widget-text-editor .elementor-drop-cap-letter{display:inline-block}<\/style>\t\t\t\t<p class=\"p1\"><strong>Submiss\u00e3o de resumos (p\u00f4steres e sess\u00f5es t\u00e9cnicas) 01\/03\/2024 a 16\/08\/2024<\/strong><\/p>\n<p>1) Na p\u00e1gina <a href=\"http:\/\/brafp.org.br\/iafp2024\/inscricoes\/\"><span class=\"s1\">Inscri\u00e7\u00f5es<\/span><\/a> selecione o tipo de inscri\u00e7\u00e3o &#8220;Brasileiro ou Estrangeiro&#8221;<\/p>\n<p class=\"p1\">2) Preencha os campos para realizar a inscri\u00e7\u00e3o no site<\/p>\n<p class=\"p1\">3) Acesse a &#8220;\u00e1rea do inscrito&#8221; e localize a op\u00e7\u00e3o &#8220;enviar um resumo&#8221;<\/p>\n<p class=\"p1\">4) Preencha os campos obrigat\u00f3rios<\/p>\n<p class=\"p1\">5) O resumo ser\u00e1 enviado para a comiss\u00e3o avaliar, caso seja necess\u00e1ria alguma modifica\u00e7\u00e3o voc\u00ea ser\u00e1 informado por e-mail. Ap\u00f3s aprovado, a confirma\u00e7\u00e3o tamb\u00e9m ser\u00e1 enviada por e-mail<\/p>\n<p class=\"p1\">6) O envio de resumo dever\u00e1 ser realizado atrav\u00e9s de sua \u00e1rea restrita, impreterivelmente, at\u00e9 o dia&nbsp;30\/06\/2024 \u00e0s 23h59m (hor\u00e1rio de Bras\u00edlia) <b>em PORTUGU\u00caS, INGL\u00caS ou ESPANHOL.<\/b><\/p>\n<p class=\"p1\">Ser\u00e3o aceitos at\u00e9 03 (tr\u00eas) resumos por inscri\u00e7\u00e3o.<\/p>\n<p class=\"p1\">ATEN\u00c7\u00c3O AUTORES:&nbsp;Confiram o trabalho antes da postagem final para evitar erros! Os Resumos devem ser submetidos por interm\u00e9dio do formul\u00e1rio on-line, no \u00edcone SUBMISS\u00c3O DE TRABALHO, que voc\u00ea ter\u00e1 acesso atrav\u00e9s da sua&nbsp;<a href=\"http:\/\/brafp.org.br\/iafp2024\/area-do-inscrito\/\"><span class=\"s2\"><b>\u00e1rea restrita<\/b>&nbsp;<\/span><\/a>ap\u00f3s a inscri\u00e7\u00e3o no evento.<\/p>\n<p class=\"p1\"><b>Conhe\u00e7a&nbsp;as&nbsp;\u00c1reas de Atua\u00e7\u00e3o<\/b>&nbsp;<\/p>\n<p class=\"p2\">1) Gr\u00e3os e cereais;<\/p>\n<p class=\"p2\">2) Verduras e Frutas e<\/p>\n<p class=\"p2\">3) Alimentos de Origem Animal<\/p>\n<p class=\"p2\"><b>Passos para submiss\u00e3o dos resumos:<\/b><\/p>\n<p class=\"p4\">Passo 1) Indicar a modalidade de apresenta\u00e7\u00e3o (<span class=\"s3\">Enviar um resumo<\/span>)<\/p>\n<p class=\"p2\">Passo 2) T\u00edtulo do Trabalho<\/p>\n<p>Passo 3) <b>Autor<\/b>&nbsp;(preencha o nome completo dos Autores e Institui\u00e7\u00e3o)<\/p>\n<p>Passo 4) Institui\u00e7\u00e3o \/ Cidade \/ Estado \/ Pa\u00eds<\/p>\n<p>Passo 5) <b>Apresentador<\/b>&nbsp;(preencha o nome completo do apresentador e institui\u00e7\u00e3o) + Institui\u00e7\u00e3o \/ Cidade \/ Estado \/ Pa\u00eds<\/p>\n<p>Passo 6) Escolha a \u00e1rea<\/p>\n<p class=\"p2\">Passo 7) Inserir o resumo<\/p>\n<p class=\"p4\"><span class=\"s3\">Passo 8) <\/span><b>Palavras-chave<\/b>&nbsp;(at\u00e9 4 palavras-chave)<\/p>\n<p class=\"p4\">Passo 9) <b>Agradecimentos<\/b><\/p>\n<p class=\"p1\">O Resumo poder\u00e1 conter no m\u00ednimo 1800 e no m\u00e1ximo 3500 caracteres (com espa\u00e7os) e conter breve introdu\u00e7\u00e3o, material e m\u00e9todos, discuss\u00e3o dos resultados e conclus\u00f5es.<\/p>\n<p class=\"p1\">Os caracteres do T\u00edtulo, Autores, Institui\u00e7\u00f5es, Palavras Chaves e Ag\u00eancias de Fomento n\u00e3o ser\u00e3o contabilizados.<\/p>\n<p class=\"p1\">N\u00e3o ser\u00e3o aceitos resumos encaminhados pelos Correios ou e-mail.<\/p>\n<p class=\"p1\">Ser\u00e3o consideradas somente contribui\u00e7\u00f5es cient\u00edficas in\u00e9ditas, originais e no escopo do evento, sendo vedado ao autor submeter revis\u00f5es bibliogr\u00e1ficas, trabalhos j\u00e1 publicados ou pesquisas em fase de planejamento.<\/p>\n<p class=\"p1\">Agradecimentos \u00e0s ag\u00eancias de fomento s\u00e3o opcionais.<\/p>\n<p class=\"p1\">O Resumo n\u00e3o dever\u00e1 conter cita\u00e7\u00f5es bibliogr\u00e1ficas, nem lista de refer\u00eancias bibliogr\u00e1ficas.<\/p>\n<p class=\"p1\">Cabe ao(s) autor(es) assinalar(em) a \u00e1rea de conhecimento do trabalho. Entretanto, a Comiss\u00e3o Cient\u00edfica poder\u00e1 remanejar o trabalho para outra \u00e1rea se achar mais adequado. Inscri\u00e7\u00f5es com envio de resumos n\u00e3o pagas at\u00e9 31\/10\/2024 ter\u00e3o seus resumos cancelados sem pr\u00e9vio aviso.<\/p>\n<p class=\"p1\">Cabe ao(s) autor(es) assinalar(em) a modalidade de apresenta\u00e7\u00e3o do trabalho submetido. A Comiss\u00e3o Cient\u00edfica ir\u00e1 selecionar os trabalhos a serem apresentados oralmente na arena, durante o IAFP Latino 2024. Inscri\u00e7\u00f5es com trabalhos selecionados n\u00e3o pagas at\u00e9 31\/08\/2024 ter\u00e3o seus resumos cancelados sem pr\u00e9vio aviso.<\/p>\n<p class=\"p1\">Para saber se o Resumo foi aceito ou n\u00e3o, e a modalidade de apresenta\u00e7\u00e3o, os o(s) autor(es) dever\u00e1(\u00e3o) verificar em: Resultado da avalia\u00e7\u00e3o dos trabalhos, em sua&nbsp;<a href=\"http:\/\/brafp.org.br\/iafp2024\/area-do-inscrito\/\"><span class=\"s2\"><b>\u00e1rea restrita<\/b>.<\/span><\/a><\/p>\n<p class=\"p1\">Todos os Resumos aceitos ser\u00e3o publicados no Livro de Resumos ONLINE, desde que o autor que enviou o resumo esteja com a taxa de inscri\u00e7\u00e3o no congresso quitada.<\/p>\n<p class=\"p1\">A Comiss\u00e3o Organizadora descartar\u00e1 os Resumos que n\u00e3o atenderem a essa exig\u00eancia. Todos os trabalhos ser\u00e3o apresentados em forma de p\u00f4ster (mesmo os selecionados para apresenta\u00e7\u00e3o durante as sess\u00f5es t\u00e9cnicas).<\/p>\t\t\t\t\t\t<\/div>\n\t\t\t\t<\/div>\n\t\t\t\t\t<\/div>\n\t\t<\/div>\n\t\t\t\t\t\t\t<\/div>\n\t\t<\/section>\n\t\t\t\t\t\t\t<\/div>\n\t\t","protected":false},"excerpt":{"rendered":"<p>Resumos Submiss\u00e3o de resumos (p\u00f4steres e sess\u00f5es t\u00e9cnicas) 01\/03\/2024 a 16\/08\/2024 1) Na p\u00e1gina Inscri\u00e7\u00f5es selecione o tipo de inscri\u00e7\u00e3o &#8220;Brasileiro ou Estrangeiro&#8221; 2) Preencha os campos para realizar a inscri\u00e7\u00e3o no site 3) Acesse a &#8220;\u00e1rea do inscrito&#8221; e localize a op\u00e7\u00e3o &#8220;enviar um resumo&#8221; 4) Preencha os campos obrigat\u00f3rios 5) O resumo ser\u00e1 [&hellip;]<\/p>\n","protected":false},"author":1,"featured_media":0,"parent":0,"menu_order":0,"comment_status":"closed","ping_status":"closed","template":"","meta":{"footnotes":""},"_links":{"self":[{"href":"https:\/\/brafp.org.br\/iafp2024\/wp-json\/wp\/v2\/pages\/1253"}],"collection":[{"href":"https:\/\/brafp.org.br\/iafp2024\/wp-json\/wp\/v2\/pages"}],"about":[{"href":"https:\/\/brafp.org.br\/iafp2024\/wp-json\/wp\/v2\/types\/page"}],"author":[{"embeddable":true,"href":"https:\/\/brafp.org.br\/iafp2024\/wp-json\/wp\/v2\/users\/1"}],"replies":[{"embeddable":true,"href":"https:\/\/brafp.org.br\/iafp2024\/wp-json\/wp\/v2\/comments?post=1253"}],"version-history":[{"count":58,"href":"https:\/\/brafp.org.br\/iafp2024\/wp-json\/wp\/v2\/pages\/1253\/revisions"}],"predecessor-version":[{"id":4471,"href":"https:\/\/brafp.org.br\/iafp2024\/wp-json\/wp\/v2\/pages\/1253\/revisions\/4471"}],"wp:attachment":[{"href":"https:\/\/brafp.org.br\/iafp2024\/wp-json\/wp\/v2\/media?parent=1253"}],"curies":[{"name":"wp","href":"https:\/\/api.w.org\/{rel}","templated":true}]}}