{"id":1255,"date":"2022-12-20T06:55:34","date_gmt":"2022-12-20T09:55:34","guid":{"rendered":"http:\/\/brafp.org.br\/iafp2024\/?page_id=1255"},"modified":"2024-09-02T07:58:07","modified_gmt":"2024-09-02T10:58:07","slug":"inscricoes","status":"publish","type":"page","link":"https:\/\/brafp.org.br\/iafp2024\/inscricoes\/","title":{"rendered":"Inscri\u00e7\u00f5es"},"content":{"rendered":"\t\t<div data-elementor-type=\"wp-page\" data-elementor-id=\"1255\" class=\"elementor elementor-1255\" data-elementor-post-type=\"page\">\n\t\t\t\t\t\t\t\t\t<section class=\"elementor-section elementor-top-section elementor-element elementor-element-58b1316 elementor-section-boxed elementor-section-height-default elementor-section-height-default\" data-id=\"58b1316\" data-element_type=\"section\" data-settings=\"{&quot;background_background&quot;:&quot;classic&quot;}\">\n\t\t\t\t\t\t<div class=\"elementor-container elementor-column-gap-default\">\n\t\t\t\t\t<div class=\"elementor-column elementor-col-100 elementor-top-column elementor-element elementor-element-f7499f8\" data-id=\"f7499f8\" data-element_type=\"column\">\n\t\t\t<div class=\"elementor-widget-wrap elementor-element-populated\">\n\t\t\t\t\t\t\t\t<div class=\"elementor-element elementor-element-4c990dc elementor-widget elementor-widget-heading\" data-id=\"4c990dc\" data-element_type=\"widget\" data-widget_type=\"heading.default\">\n\t\t\t\t<div class=\"elementor-widget-container\">\n\t\t\t<style>\/*! elementor - v3.16.0 - 17-10-2023 *\/\n.elementor-heading-title{padding:0;margin:0;line-height:1}.elementor-widget-heading .elementor-heading-title[class*=elementor-size-]>a{color:inherit;font-size:inherit;line-height:inherit}.elementor-widget-heading .elementor-heading-title.elementor-size-small{font-size:15px}.elementor-widget-heading .elementor-heading-title.elementor-size-medium{font-size:19px}.elementor-widget-heading .elementor-heading-title.elementor-size-large{font-size:29px}.elementor-widget-heading .elementor-heading-title.elementor-size-xl{font-size:39px}.elementor-widget-heading .elementor-heading-title.elementor-size-xxl{font-size:59px}<\/style><p class=\"elementor-heading-title elementor-size-default\">Inscri\u00e7\u00f5es<\/p>\t\t<\/div>\n\t\t\t\t<\/div>\n\t\t\t\t<div class=\"elementor-element elementor-element-3d0a390 elementor-widget elementor-widget-theme-post-title elementor-page-title elementor-widget-heading\" data-id=\"3d0a390\" data-element_type=\"widget\" data-widget_type=\"theme-post-title.default\">\n\t\t\t\t<div class=\"elementor-widget-container\">\n\t\t\t<h1 class=\"elementor-heading-title elementor-size-default\">Inicial \/\/  Inscri\u00e7\u00f5es<\/h1>\t\t<\/div>\n\t\t\t\t<\/div>\n\t\t\t\t<div class=\"elementor-element elementor-element-7f5d0a1 elementor-widget elementor-widget-text-editor\" data-id=\"7f5d0a1\" data-element_type=\"widget\" data-widget_type=\"text-editor.default\">\n\t\t\t\t<div class=\"elementor-widget-container\">\n\t\t\t<style>\/*! elementor - v3.16.0 - 17-10-2023 *\/\n.elementor-widget-text-editor.elementor-drop-cap-view-stacked .elementor-drop-cap{background-color:#69727d;color:#fff}.elementor-widget-text-editor.elementor-drop-cap-view-framed .elementor-drop-cap{color:#69727d;border:3px solid;background-color:transparent}.elementor-widget-text-editor:not(.elementor-drop-cap-view-default) .elementor-drop-cap{margin-top:8px}.elementor-widget-text-editor:not(.elementor-drop-cap-view-default) .elementor-drop-cap-letter{width:1em;height:1em}.elementor-widget-text-editor .elementor-drop-cap{float:left;text-align:center;line-height:1;font-size:50px}.elementor-widget-text-editor .elementor-drop-cap-letter{display:inline-block}<\/style>\t\t\t\t<p>* O valores das inscri\u00e7\u00f5es est\u00e3o relacionado em reais e d\u00f3lares americanos.<\/p>\t\t\t\t\t\t<\/div>\n\t\t\t\t<\/div>\n\t\t\t\t<div class=\"elementor-element elementor-element-2bb80ad pp-table-center elementor-widget elementor-widget-pp-table\" data-id=\"2bb80ad\" data-element_type=\"widget\" data-settings=\"{&quot;table_type&quot;:&quot;normal&quot;}\" data-widget_type=\"pp-table.default\">\n\t\t\t\t<div class=\"elementor-widget-container\">\n\t\t\t\t\t<div class=\"pp-table-container\">\n\t\t\t<table \n\t\t\tclass=\"pp-table tablesaw\"\t\t\t\t>\n\t\t\t\t\t\t\t<colgroup>\n\t\t\t\t\t\t\t\t<col\n\t\t\t\t\tspan=\"1\"\n\t\t\t\t\tclass=\"elementor-repeater-item-d13debb\"\n\t\t\t\t\t\t\t\t\t\t\tstyle=\"\n\t\t\t\t\t\t\t\t\t\t\t\t\t\t\t\t\t\t\t\twidth:295px\t\t\t\t\t\t\t\t\t\t\t\t\"\n\t\t\t\t\t\t\t\t\t\t>\n\t\t\t\t\t\t\t<\/colgroup>\n\t\t\t\t\t\t<thead>\n\t\t\t\t<tr class=\"pp-table-row\">\n\t\t\t\t\t<th class=\"pp-table-cell pp-table-cell-e202c4c\"><span class=\"pp-table-cell-content\"><span class=\"pp-table-cell-text\">Tipo de Inscri\u00e7\u00e3o<\/span><\/span><\/th><th class=\"pp-table-cell pp-table-cell-cda1309\"><span class=\"pp-table-cell-content\"><span class=\"pp-table-cell-text\">01\/01\/2024 a 31\/08\/2024<\/span><\/span><\/th><th class=\"pp-table-cell pp-table-cell-8fea8b8\"><span class=\"pp-table-cell-content\"><span class=\"pp-table-cell-text\">01\/09\/2024 a 30\/09\/2024<\/span><\/span><\/th><th class=\"pp-table-cell pp-table-cell-5d996fb\"><span class=\"pp-table-cell-content\"><span class=\"pp-table-cell-text\">01\/10\/2024 a 31\/10\/2024<\/span><\/span><\/th><th class=\"pp-table-cell pp-table-cell-1fe6388\"><span class=\"pp-table-cell-content\"><span class=\"pp-table-cell-text\">Inscri\u00e7\u00e3o no Local<\/span><\/span><\/th>\t\t\t\t<\/tr>\n\t\t\t<\/thead>\n\t\t\t\t\t<tfoot>\n\t\t\t<\/tr>\t\t<\/tfoot>\n\t\t\t\t<tbody>\n\t\t\t<tr ><td class=\"pp-table-cell pp-table-cell-3fcdf24\"><span class=\"pp-table-cell-content\"><span class=\"pp-table-cell-text\">Aluno de Gradua\u00e7\u00e3o - S\u00d3CIO BRAFP<\/span><\/span><\/td><td class=\"pp-table-cell pp-table-cell-2db9d2f\"><span class=\"pp-table-cell-content\"><span class=\"pp-table-cell-text\">R$ 352,00 - $ 72.00<\/span><\/span><\/td><td class=\"pp-table-cell pp-table-cell-e5917a6\"><span class=\"pp-table-cell-content\"><span class=\"pp-table-cell-text\">R$ 440,00 - $ 90.00<\/span><\/span><\/td><td class=\"pp-table-cell pp-table-cell-75856b9\"><span class=\"pp-table-cell-content\"><span class=\"pp-table-cell-text\">R$ 528,00 - $110,00<\/span><\/span><\/td><td class=\"pp-table-cell pp-table-cell-a486246\"><span class=\"pp-table-cell-content\"><span class=\"pp-table-cell-text\">R$ 633,00 - $ 130.00<\/span><\/span><\/td><\/tr><tr ><td class=\"pp-table-cell pp-table-cell-a6535a9\"><span class=\"pp-table-cell-content\"><span class=\"pp-table-cell-text\">Aluno de Gradua\u00e7\u00e3o N\u00e3o S\u00f3cio<\/span><\/span><\/td><td class=\"pp-table-cell pp-table-cell-ff27dd0\"><span class=\"pp-table-cell-content\"><span class=\"pp-table-cell-text\">R$ 440,00 - $ 90.00<\/span><\/span><\/td><td class=\"pp-table-cell pp-table-cell-113c429\"><span class=\"pp-table-cell-content\"><span class=\"pp-table-cell-text\">R$ 528,00  - $ 110.00<\/span><\/span><\/td><td class=\"pp-table-cell pp-table-cell-fbb64c2\"><span class=\"pp-table-cell-content\"><span class=\"pp-table-cell-text\">R$ 633,00 - $ 130.00<\/span><\/span><\/td><td class=\"pp-table-cell pp-table-cell-57db0f7\"><span class=\"pp-table-cell-content\"><span class=\"pp-table-cell-text\">R$ 756,00 - $ 160.00<\/span><\/span><\/td><\/tr><tr ><td class=\"pp-table-cell pp-table-cell-d827a07\"><span class=\"pp-table-cell-content\"><span class=\"pp-table-cell-text\">Aluno de P\u00f3s-Gradua\u00e7\u00e3o (Mestrando \/ Doutorando) - S\u00d3CIO BRAFP<\/span><\/span><\/td><td class=\"pp-table-cell pp-table-cell-b601cbb\"><span class=\"pp-table-cell-content\"><span class=\"pp-table-cell-text\">R$ 496,00 - $ 100.00<\/span><\/span><\/td><td class=\"pp-table-cell pp-table-cell-9b5159e\"><span class=\"pp-table-cell-content\"><span class=\"pp-table-cell-text\">R$ 620,00 - $ 125.00<\/span><\/span><\/td><td class=\"pp-table-cell pp-table-cell-543bf21\"><span class=\"pp-table-cell-content\"><span class=\"pp-table-cell-text\">R$ 744,00 - $ 150.00<\/span><\/span><\/td><td class=\"pp-table-cell pp-table-cell-bdd97b2\"><span class=\"pp-table-cell-content\"><span class=\"pp-table-cell-text\">R$ 893,00 - $ 180.00<\/span><\/span><\/td><\/tr><tr ><td class=\"pp-table-cell pp-table-cell-9f31300\"><span class=\"pp-table-cell-content\"><span class=\"pp-table-cell-text\">Aluno de P\u00f3s-Gradua\u00e7\u00e3o (Mestrando \/ Doutorando)  N\u00e3o S\u00f3cio<\/span><\/span><\/td><td class=\"pp-table-cell pp-table-cell-a375243\"><span class=\"pp-table-cell-content\"><span class=\"pp-table-cell-text\">R$ 620,00 - $ 125.00<\/span><\/span><\/td><td class=\"pp-table-cell pp-table-cell-b6e82d1\"><span class=\"pp-table-cell-content\"><span class=\"pp-table-cell-text\">R$ 744,00 - $ 150.00<\/span><\/span><\/td><td class=\"pp-table-cell pp-table-cell-a82e157\"><span class=\"pp-table-cell-content\"><span class=\"pp-table-cell-text\">R$ 893,00 - $ 180.00<\/span><\/span><\/td><td class=\"pp-table-cell pp-table-cell-f7430dd\"><span class=\"pp-table-cell-content\"><span class=\"pp-table-cell-text\">R$ 1070,00 - $ 215.00<\/span><\/span><\/td><\/tr><tr ><td class=\"pp-table-cell pp-table-cell-42c1d5b\"><span class=\"pp-table-cell-content\"><span class=\"pp-table-cell-text\">P\u00f3s-Doutorando - S\u00d3CIO BRAFP<\/span><\/span><\/td><td class=\"pp-table-cell pp-table-cell-8c79f00\"><span class=\"pp-table-cell-content\"><span class=\"pp-table-cell-text\">R$ 544,00 - $ 110.00<\/span><\/span><\/td><td class=\"pp-table-cell pp-table-cell-ff92c66\"><span class=\"pp-table-cell-content\"><span class=\"pp-table-cell-text\">R$ 680,00 - $ 140.00<\/span><\/span><\/td><td class=\"pp-table-cell pp-table-cell-e3c39e5\"><span class=\"pp-table-cell-content\"><span class=\"pp-table-cell-text\">R$ 816,00 - $ 165.00<\/span><\/span><\/td><td class=\"pp-table-cell pp-table-cell-ce68d23\"><span class=\"pp-table-cell-content\"><span class=\"pp-table-cell-text\">R$ 980,00 - $ 200.00<\/span><\/span><\/td><\/tr><tr ><td class=\"pp-table-cell pp-table-cell-e98735e\"><span class=\"pp-table-cell-content\"><span class=\"pp-table-cell-text\">P\u00f3s-Doutorado N\u00e3o S\u00f3cio<\/span><\/span><\/td><td class=\"pp-table-cell pp-table-cell-b707b31\"><span class=\"pp-table-cell-content\"><span class=\"pp-table-cell-text\">R$ 680,00 - $ 140.00<\/span><\/span><\/td><td class=\"pp-table-cell pp-table-cell-20504af\"><span class=\"pp-table-cell-content\"><span class=\"pp-table-cell-text\">R$ 816,00 - $ 165.00<\/span><\/span><\/td><td class=\"pp-table-cell pp-table-cell-3dc8695\"><span class=\"pp-table-cell-content\"><span class=\"pp-table-cell-text\">R$ 980,00 - $ 200.00<\/span><\/span><\/td><td class=\"pp-table-cell pp-table-cell-ce90200\"><span class=\"pp-table-cell-content\"><span class=\"pp-table-cell-text\">R$ 1176,00 - $ 240.00<\/span><\/span><\/td><\/tr><tr ><td class=\"pp-table-cell pp-table-cell-e222cde\"><span class=\"pp-table-cell-content\"><span class=\"pp-table-cell-text\">Profissional - S\u00d3CIO BRAFP<\/span><\/span><\/td><td class=\"pp-table-cell pp-table-cell-aeceeb2\"><span class=\"pp-table-cell-content\"><span class=\"pp-table-cell-text\">R$ 608,00 - $ 125.00<\/span><\/span><\/td><td class=\"pp-table-cell pp-table-cell-ae05a7c\"><span class=\"pp-table-cell-content\"><span class=\"pp-table-cell-text\">R$ 760,00 - $ 155.00<\/span><\/span><\/td><td class=\"pp-table-cell pp-table-cell-f2f914b\"><span class=\"pp-table-cell-content\"><span class=\"pp-table-cell-text\">R$ 912,00 - $ 185.00<\/span><\/span><\/td><td class=\"pp-table-cell pp-table-cell-5d082b2\"><span class=\"pp-table-cell-content\"><span class=\"pp-table-cell-text\">R$ 1095,00 - $ 220.00<\/span><\/span><\/td><\/tr><tr ><td class=\"pp-table-cell pp-table-cell-d8dbbb7\"><span class=\"pp-table-cell-content\"><span class=\"pp-table-cell-text\">Profissional N\u00e3o S\u00f3cio<\/span><\/span><\/td><td class=\"pp-table-cell pp-table-cell-c09a644\"><span class=\"pp-table-cell-content\"><span class=\"pp-table-cell-text\">R$ 760,00 - $ 155.00<\/span><\/span><\/td><td class=\"pp-table-cell pp-table-cell-689198e\"><span class=\"pp-table-cell-content\"><span class=\"pp-table-cell-text\">R$ 912,00 - $ 185.00<\/span><\/span><\/td><td class=\"pp-table-cell pp-table-cell-61a9a79\"><span class=\"pp-table-cell-content\"><span class=\"pp-table-cell-text\">R$ 1095,00 - $ 220.00<\/span><\/span><\/td><td class=\"pp-table-cell pp-table-cell-2dfbf64\"><span class=\"pp-table-cell-content\"><span class=\"pp-table-cell-text\">R$ 1210,00 - $ 250.00<\/span><\/span><\/td><\/tr>\t\t<\/tbody>\n\t\t\t\t\t<\/table>\n\t\t<\/div>\n\t\t\t\t<\/div>\n\t\t\t\t<\/div>\n\t\t\t\t<div class=\"elementor-element elementor-element-162b588 elementor-widget elementor-widget-heading\" data-id=\"162b588\" data-element_type=\"widget\" data-widget_type=\"heading.default\">\n\t\t\t\t<div class=\"elementor-widget-container\">\n\t\t\t<p class=\"elementor-heading-title elementor-size-default\">* Filiados a associa\u00e7\u00f5es e sociedades cient\u00edficas parceiras: BRAFP, IAFP, Sociedade Brasileira de Microbiologia e Associa\u00e7\u00f5es filiadas \u00e0 IAFP.<\/p>\t\t<\/div>\n\t\t\t\t<\/div>\n\t\t\t\t<div class=\"elementor-element elementor-element-d7326bd elementor-widget elementor-widget-text-editor\" data-id=\"d7326bd\" data-element_type=\"widget\" data-widget_type=\"text-editor.default\">\n\t\t\t\t<div class=\"elementor-widget-container\">\n\t\t\t\t\t\t\t<p><strong>Aten\u00e7\u00e3o:<br \/><\/strong>&#8211; Para inscri\u00e7\u00f5es nas categorias Aluno de Gradua\u00e7\u00e3o, Aluno de P\u00f3s-Gradua\u00e7\u00e3o (Mestrando \/ Doutorando) e P\u00f3s-Doutorado \u00e9 obrigat\u00f3rio o upload de uma DECLARA\u00c7\u00c3O emitida pela institui\u00e7\u00e3o de ensino, com data inferior a 30 dias, informando a modalidade do curso \u2013 GRADUA\u00c7\u00c3O; P\u00d3S-GRADUA\u00c7\u00c3O (Mestrando\/Doutorando) ou P\u00d3S-DOUTORADO, e o semestre\/ano que o aluno est\u00e1 cursando.<br \/>&#8211; Para inscri\u00e7\u00f5es nas categorias S\u00f3cios \u00e9 obrigat\u00f3rio o upload de uma DECLARA\u00c7\u00c3O emitida pela associa\u00e7\u00e3o correspondente.<br \/>&#8211; N\u00e3o ser\u00e1 aceito outro documento que n\u00e3o a Declara\u00e7\u00e3o conforme solicitado.<br \/>&#8211; S\u00f3 ser\u00e1 poss\u00edvel concluir a inscri\u00e7\u00e3o ap\u00f3s o envio das declara\u00e7\u00f5es!\u00a0<\/p>\t\t\t\t\t\t<\/div>\n\t\t\t\t<\/div>\n\t\t\t\t<div class=\"elementor-element elementor-element-01acf18 elementor-widget elementor-widget-heading\" data-id=\"01acf18\" data-element_type=\"widget\" data-widget_type=\"heading.default\">\n\t\t\t\t<div class=\"elementor-widget-container\">\n\t\t\t<h2 class=\"elementor-heading-title elementor-size-default\">Para come\u00e7ar, selecione a sua nacionalidade:<\/small><\/h2>\t\t<\/div>\n\t\t\t\t<\/div>\n\t\t\t\t<section class=\"elementor-section elementor-inner-section elementor-element elementor-element-b7bc2cc elementor-section-boxed elementor-section-height-default elementor-section-height-default\" data-id=\"b7bc2cc\" data-element_type=\"section\">\n\t\t\t\t\t\t<div class=\"elementor-container elementor-column-gap-default\">\n\t\t\t\t\t<div class=\"elementor-column elementor-col-50 elementor-inner-column elementor-element elementor-element-41faa5e\" data-id=\"41faa5e\" data-element_type=\"column\">\n\t\t\t<div class=\"elementor-widget-wrap elementor-element-populated\">\n\t\t\t\t\t\t\t\t<div class=\"elementor-element elementor-element-5d2f1f5 elementor-align-left elementor-mobile-align-justify elementor-widget elementor-widget-button\" data-id=\"5d2f1f5\" data-element_type=\"widget\" data-widget_type=\"button.default\">\n\t\t\t\t<div class=\"elementor-widget-container\">\n\t\t\t\t\t<div class=\"elementor-button-wrapper\">\n\t\t\t<a class=\"elementor-button elementor-button-link elementor-size-xs elementor-animation-pulse\" href=\"https:\/\/brafp.org.br\/iafp2024\/inscreva-se-brasileiro\/\">\n\t\t\t\t\t\t<span class=\"elementor-button-content-wrapper\">\n\t\t\t\t\t\t<span class=\"elementor-button-icon elementor-align-icon-left\">\n\t\t\t\t<i aria-hidden=\"true\" class=\"fas fa-flag\"><\/i>\t\t\t<\/span>\n\t\t\t\t\t\t<span class=\"elementor-button-text\">Brasileiro<\/span>\n\t\t<\/span>\n\t\t\t\t\t<\/a>\n\t\t<\/div>\n\t\t\t\t<\/div>\n\t\t\t\t<\/div>\n\t\t\t\t\t<\/div>\n\t\t<\/div>\n\t\t\t\t<div class=\"elementor-column elementor-col-50 elementor-inner-column elementor-element elementor-element-79bd28c\" data-id=\"79bd28c\" data-element_type=\"column\">\n\t\t\t<div class=\"elementor-widget-wrap elementor-element-populated\">\n\t\t\t\t\t\t\t\t<div class=\"elementor-element elementor-element-8168434 elementor-align-left elementor-mobile-align-justify elementor-widget elementor-widget-button\" data-id=\"8168434\" data-element_type=\"widget\" data-widget_type=\"button.default\">\n\t\t\t\t<div class=\"elementor-widget-container\">\n\t\t\t\t\t<div class=\"elementor-button-wrapper\">\n\t\t\t<a class=\"elementor-button elementor-button-link elementor-size-xs elementor-animation-pulse\" href=\"https:\/\/brafp.org.br\/iafp2024\/inscreva-se-estrangeiro\/\">\n\t\t\t\t\t\t<span class=\"elementor-button-content-wrapper\">\n\t\t\t\t\t\t<span class=\"elementor-button-icon elementor-align-icon-left\">\n\t\t\t\t<i aria-hidden=\"true\" class=\"far fa-flag\"><\/i>\t\t\t<\/span>\n\t\t\t\t\t\t<span class=\"elementor-button-text\">Estrangeiro<\/span>\n\t\t<\/span>\n\t\t\t\t\t<\/a>\n\t\t<\/div>\n\t\t\t\t<\/div>\n\t\t\t\t<\/div>\n\t\t\t\t\t<\/div>\n\t\t<\/div>\n\t\t\t\t\t\t\t<\/div>\n\t\t<\/section>\n\t\t\t\t\t<\/div>\n\t\t<\/div>\n\t\t\t\t\t\t\t<\/div>\n\t\t<\/section>\n\t\t\t\t\t\t\t<\/div>\n\t\t","protected":false},"excerpt":{"rendered":"<p>Inscri\u00e7\u00f5es * O valores das inscri\u00e7\u00f5es est\u00e3o relacionado em reais e d\u00f3lares americanos. Tipo de Inscri\u00e7\u00e3o 01\/01\/2024 a 31\/08\/2024 01\/09\/2024 a 30\/09\/2024 01\/10\/2024 a 31\/10\/2024 Inscri\u00e7\u00e3o no Local Aluno de Gradua\u00e7\u00e3o &#8211; S\u00d3CIO BRAFP R$ 352,00 &#8211; $ 72.00 R$ 440,00 &#8211; $ 90.00 R$ 528,00 &#8211; $110,00 R$ 633,00 &#8211; $ 130.00 Aluno de [&hellip;]<\/p>\n","protected":false},"author":1,"featured_media":0,"parent":0,"menu_order":0,"comment_status":"closed","ping_status":"closed","template":"","meta":{"footnotes":""},"_links":{"self":[{"href":"https:\/\/brafp.org.br\/iafp2024\/wp-json\/wp\/v2\/pages\/1255"}],"collection":[{"href":"https:\/\/brafp.org.br\/iafp2024\/wp-json\/wp\/v2\/pages"}],"about":[{"href":"https:\/\/brafp.org.br\/iafp2024\/wp-json\/wp\/v2\/types\/page"}],"author":[{"embeddable":true,"href":"https:\/\/brafp.org.br\/iafp2024\/wp-json\/wp\/v2\/users\/1"}],"replies":[{"embeddable":true,"href":"https:\/\/brafp.org.br\/iafp2024\/wp-json\/wp\/v2\/comments?post=1255"}],"version-history":[{"count":136,"href":"https:\/\/brafp.org.br\/iafp2024\/wp-json\/wp\/v2\/pages\/1255\/revisions"}],"predecessor-version":[{"id":4601,"href":"https:\/\/brafp.org.br\/iafp2024\/wp-json\/wp\/v2\/pages\/1255\/revisions\/4601"}],"wp:attachment":[{"href":"https:\/\/brafp.org.br\/iafp2024\/wp-json\/wp\/v2\/media?parent=1255"}],"curies":[{"name":"wp","href":"https:\/\/api.w.org\/{rel}","templated":true}]}}