{"id":3388,"date":"2024-03-01T11:15:50","date_gmt":"2024-03-01T14:15:50","guid":{"rendered":"https:\/\/brafp.org.br\/iafp2024\/?page_id=3388"},"modified":"2024-07-04T14:44:51","modified_gmt":"2024-07-04T17:44:51","slug":"concorra-a-um-tablet","status":"publish","type":"page","link":"https:\/\/brafp.org.br\/iafp2024\/concorra-a-um-tablet\/","title":{"rendered":"Concorra a um tablet!"},"content":{"rendered":"\t\t<div data-elementor-type=\"wp-page\" data-elementor-id=\"3388\" class=\"elementor elementor-3388\" data-elementor-post-type=\"page\">\n\t\t\t\t\t\t\t\t\t<section class=\"elementor-section elementor-top-section elementor-element elementor-element-f363ceb elementor-section-boxed elementor-section-height-default elementor-section-height-default\" data-id=\"f363ceb\" data-element_type=\"section\" data-settings=\"{&quot;background_background&quot;:&quot;classic&quot;}\">\n\t\t\t\t\t\t<div class=\"elementor-container elementor-column-gap-default\">\n\t\t\t\t\t<div class=\"elementor-column elementor-col-100 elementor-top-column elementor-element elementor-element-c44afec\" data-id=\"c44afec\" data-element_type=\"column\">\n\t\t\t<div class=\"elementor-widget-wrap elementor-element-populated\">\n\t\t\t\t\t\t\t\t<div class=\"elementor-element elementor-element-346dd80 elementor-widget elementor-widget-heading\" data-id=\"346dd80\" data-element_type=\"widget\" data-widget_type=\"heading.default\">\n\t\t\t\t<div class=\"elementor-widget-container\">\n\t\t\t<style>\/*! elementor - v3.16.0 - 17-10-2023 *\/\n.elementor-heading-title{padding:0;margin:0;line-height:1}.elementor-widget-heading .elementor-heading-title[class*=elementor-size-]>a{color:inherit;font-size:inherit;line-height:inherit}.elementor-widget-heading .elementor-heading-title.elementor-size-small{font-size:15px}.elementor-widget-heading .elementor-heading-title.elementor-size-medium{font-size:19px}.elementor-widget-heading .elementor-heading-title.elementor-size-large{font-size:29px}.elementor-widget-heading .elementor-heading-title.elementor-size-xl{font-size:39px}.elementor-widget-heading .elementor-heading-title.elementor-size-xxl{font-size:59px}<\/style><p class=\"elementor-heading-title elementor-size-default\">Concorra a um tablet<\/p>\t\t<\/div>\n\t\t\t\t<\/div>\n\t\t\t\t<div class=\"elementor-element elementor-element-799a1f5 elementor-widget elementor-widget-text-editor\" data-id=\"799a1f5\" data-element_type=\"widget\" data-widget_type=\"text-editor.default\">\n\t\t\t\t<div class=\"elementor-widget-container\">\n\t\t\t<style>\/*! elementor - v3.16.0 - 17-10-2023 *\/\n.elementor-widget-text-editor.elementor-drop-cap-view-stacked .elementor-drop-cap{background-color:#69727d;color:#fff}.elementor-widget-text-editor.elementor-drop-cap-view-framed .elementor-drop-cap{color:#69727d;border:3px solid;background-color:transparent}.elementor-widget-text-editor:not(.elementor-drop-cap-view-default) .elementor-drop-cap{margin-top:8px}.elementor-widget-text-editor:not(.elementor-drop-cap-view-default) .elementor-drop-cap-letter{width:1em;height:1em}.elementor-widget-text-editor .elementor-drop-cap{float:left;text-align:center;line-height:1;font-size:50px}.elementor-widget-text-editor .elementor-drop-cap-letter{display:inline-block}<\/style>\t\t\t\t<p style=\"font-weight: 400;\"><strong><em><img loading=\"lazy\" decoding=\"async\" class=\" wp-image-3391 alignleft\" style=\"border-radius: 10px;\" src=\"https:\/\/brafp.org.br\/iafp2024\/wp-content\/uploads\/2024\/03\/unnamed.jpg\" alt=\"\" width=\"201\" height=\"156\" srcset=\"https:\/\/brafp.org.br\/iafp2024\/wp-content\/uploads\/2024\/03\/unnamed.jpg 1200w, https:\/\/brafp.org.br\/iafp2024\/wp-content\/uploads\/2024\/03\/unnamed-300x232.jpg 300w, https:\/\/brafp.org.br\/iafp2024\/wp-content\/uploads\/2024\/03\/unnamed-1024x793.jpg 1024w, https:\/\/brafp.org.br\/iafp2024\/wp-content\/uploads\/2024\/03\/unnamed-768x595.jpg 768w\" sizes=\"(max-width: 201px) 100vw, 201px\" \/>Preencha o formul\u00e1rio e concorra a um Tablet!!<\/em><\/strong><\/p><p style=\"font-weight: 400;\"><strong><em>Parceria: Empresa Diag-Labor<\/em><\/strong><\/p><p style=\"font-weight: 400;\">Este formul\u00e1rio est\u00e1 em conformidade com a Lei Geral de Prote\u00e7\u00e3o de Dados (LGPD), garantindo total seguran\u00e7a e privacidade aos seus dados, sem exposi\u00e7\u00e3o ou compartilhamento indevido.<\/p><p style=\"font-weight: 400;\">V\u00e1lido apenas para inscritos, pagos e presentes no evento.<\/p><p style=\"font-weight: 400;\"><a href=\"https:\/\/docs.google.com\/forms\/d\/e\/1FAIpQLSdaF4wAUVfNtgE0NxhIcXF3Rh8E299_N9ZTBxqgR6SguPffWQ\/viewform\" target=\"_blank\" rel=\"noopener\">Preencha o formul\u00e1rio clicando aqui<\/a><\/p><p style=\"font-weight: 400;\"><strong>CONDI\u00c7\u00d5ES DO SORTEIO:<\/strong><br \/><br \/><strong>Per\u00edodo de inscri\u00e7\u00e3o:<\/strong> O sorteio estar\u00e1 aberto de 20 de fevereiro a 14\/11\/2024<br \/>Requisitos de Participa\u00e7\u00e3o: Para participar o PARTICIPANTE dever\u00e1 preencher o formul\u00e1rio, seguir @diaglabor no Instagram e estar presente no momento do sorteio.<\/p><p style=\"font-weight: 400;\"><strong>Sele\u00e7\u00e3o do vencedor:<\/strong> O vencedor ser\u00e1 selecionado atrav\u00e9s de uma plataforma de sorteio online que ser\u00e1 realizado no \u00faltimo dia de congresso.<\/p><p style=\"font-weight: 400;\"><strong>Pr\u00eamio:<\/strong> O PARTICIPANTE vencedor receber\u00e1 um tablet no valor de aproximadamente R$2.000,00.<\/p>\t\t\t\t\t\t<\/div>\n\t\t\t\t<\/div>\n\t\t\t\t\t<\/div>\n\t\t<\/div>\n\t\t\t\t\t\t\t<\/div>\n\t\t<\/section>\n\t\t\t\t\t\t\t<\/div>\n\t\t","protected":false},"excerpt":{"rendered":"<p>Concorra a um tablet Preencha o formul\u00e1rio e concorra a um Tablet!! Parceria: Empresa Diag-Labor Este formul\u00e1rio est\u00e1 em conformidade com a Lei Geral de Prote\u00e7\u00e3o de Dados (LGPD), garantindo total seguran\u00e7a e privacidade aos seus dados, sem exposi\u00e7\u00e3o ou compartilhamento indevido. V\u00e1lido apenas para inscritos, pagos e presentes no evento. Preencha o formul\u00e1rio clicando [&hellip;]<\/p>\n","protected":false},"author":1,"featured_media":0,"parent":0,"menu_order":0,"comment_status":"closed","ping_status":"closed","template":"","meta":{"footnotes":""},"_links":{"self":[{"href":"https:\/\/brafp.org.br\/iafp2024\/wp-json\/wp\/v2\/pages\/3388"}],"collection":[{"href":"https:\/\/brafp.org.br\/iafp2024\/wp-json\/wp\/v2\/pages"}],"about":[{"href":"https:\/\/brafp.org.br\/iafp2024\/wp-json\/wp\/v2\/types\/page"}],"author":[{"embeddable":true,"href":"https:\/\/brafp.org.br\/iafp2024\/wp-json\/wp\/v2\/users\/1"}],"replies":[{"embeddable":true,"href":"https:\/\/brafp.org.br\/iafp2024\/wp-json\/wp\/v2\/comments?post=3388"}],"version-history":[{"count":13,"href":"https:\/\/brafp.org.br\/iafp2024\/wp-json\/wp\/v2\/pages\/3388\/revisions"}],"predecessor-version":[{"id":4298,"href":"https:\/\/brafp.org.br\/iafp2024\/wp-json\/wp\/v2\/pages\/3388\/revisions\/4298"}],"wp:attachment":[{"href":"https:\/\/brafp.org.br\/iafp2024\/wp-json\/wp\/v2\/media?parent=3388"}],"curies":[{"name":"wp","href":"https:\/\/api.w.org\/{rel}","templated":true}]}}