{"id":4540,"date":"2024-08-15T16:42:35","date_gmt":"2024-08-15T19:42:35","guid":{"rendered":"https:\/\/brafp.org.br\/iafp2024\/?page_id=4540"},"modified":"2024-08-15T16:43:26","modified_gmt":"2024-08-15T19:43:26","slug":"confeccao-e-apresentacao-do-poster","status":"publish","type":"page","link":"https:\/\/brafp.org.br\/iafp2024\/confeccao-e-apresentacao-do-poster\/","title":{"rendered":"Confec\u00e7\u00e3o e apresenta\u00e7\u00e3o do P\u00f4ster"},"content":{"rendered":"<p class=\"p1\">O p\u00f4ster dever\u00e1 ser montado de acordo com a programa\u00e7\u00e3o, que ser\u00e1 elaborada pela coordena\u00e7\u00e3o cient\u00edfica do evento, sendo obrigat\u00f3ria a presen\u00e7a do apresentador durante o per\u00edodo estabelecido.<\/p>\n<p class=\"p2\">O p\u00f4ster poder\u00e1 ser confeccionado em portugu\u00eas, espanhol ou ingl\u00eas.<\/p>\n<p class=\"p2\">(preferencialmente em ingl\u00eas).<\/p>\n<p class=\"p1\">A organiza\u00e7\u00e3o do IAFP Latino 2024 ir\u00e1 definir o cronograma de apresenta\u00e7\u00e3o dos posteres, assim como o dia e hor\u00e1rio que os mesmos dever\u00e3o ser fixados, com comunica\u00e7\u00e3o oficial aos respons\u00e1veis pela submiss\u00e3o.<\/p>\n<p class=\"p1\">As sess\u00f5es de apresenta\u00e7\u00e3o dos p\u00f4steres ser\u00e3o realizadas nos dias 12 e 13 de novembro de 2024 das 19:00 \u00e0s 21:30<\/p>\n<p class=\"p1\">Caso o apresentador n\u00e3o esteja presente, ser\u00e1 facultado \u00e0 Comiss\u00e3o Cient\u00edfica o fornecimento de certificados.<\/p>\n<p class=\"p1\">O tamanho m\u00e1ximo do p\u00f4ster ser\u00e1 de 1,5 m. de altura por 0,90 m. de largura.<\/p>\n<p class=\"p1\"><b>Modelo do p\u00f4ster:<\/b><\/p>\n<p><img loading=\"lazy\" decoding=\"async\" class=\"wp-image-4543 aligncenter\" src=\"https:\/\/brafp.org.br\/iafp2024\/wp-content\/uploads\/2024\/08\/image1.png\" alt=\"\" width=\"457\" height=\"622\" srcset=\"https:\/\/brafp.org.br\/iafp2024\/wp-content\/uploads\/2024\/08\/image1.png 553w, https:\/\/brafp.org.br\/iafp2024\/wp-content\/uploads\/2024\/08\/image1-220x300.png 220w\" sizes=\"(max-width: 457px) 100vw, 457px\" \/><\/p>\n<p class=\"p1\">O IAFP Latino 2024 n\u00e3o determina um modelo \u00fanico para confec\u00e7\u00e3o do p\u00f4ster.<\/p>\n<p class=\"p1\"><b>O p\u00f4ster dever\u00e1 apresentar:<\/b><br \/>\na) t\u00edtulo;<br \/>\nb) autor(es);<br \/>\nc) introdu\u00e7\u00e3o;<br \/>\nd) material e m\u00e9todos<br \/>\ne) resultados e conclus\u00f5es;<br \/>\nf) refer\u00eancias bibliogr\u00e1ficas.<\/p>\n<p class=\"p1\">\nA responsabilidade pela seguran\u00e7a e poss\u00edveis danos ao p\u00f4ster, \u00e9 \u00fanica e exclusiva do apresentador A Comiss\u00e3o de Avalia\u00e7\u00e3o dos P\u00f4steres e a Secretaria do Congresso n\u00e3o se responsabilizam pelos p\u00f4steres n\u00e3o retirados dos pain\u00e9is ap\u00f3s o t\u00e9rmino da exibi\u00e7\u00e3o.<\/p>\n","protected":false},"excerpt":{"rendered":"<p>O p\u00f4ster dever\u00e1 ser montado de acordo com a programa\u00e7\u00e3o, que ser\u00e1 elaborada pela coordena\u00e7\u00e3o cient\u00edfica do evento, sendo obrigat\u00f3ria a presen\u00e7a do apresentador durante o per\u00edodo estabelecido. O p\u00f4ster poder\u00e1 ser confeccionado em portugu\u00eas, espanhol ou ingl\u00eas. (preferencialmente em ingl\u00eas). A organiza\u00e7\u00e3o do IAFP Latino 2024 ir\u00e1 definir o cronograma de apresenta\u00e7\u00e3o dos posteres, [&hellip;]<\/p>\n","protected":false},"author":1,"featured_media":0,"parent":0,"menu_order":0,"comment_status":"closed","ping_status":"closed","template":"","meta":{"footnotes":""},"_links":{"self":[{"href":"https:\/\/brafp.org.br\/iafp2024\/wp-json\/wp\/v2\/pages\/4540"}],"collection":[{"href":"https:\/\/brafp.org.br\/iafp2024\/wp-json\/wp\/v2\/pages"}],"about":[{"href":"https:\/\/brafp.org.br\/iafp2024\/wp-json\/wp\/v2\/types\/page"}],"author":[{"embeddable":true,"href":"https:\/\/brafp.org.br\/iafp2024\/wp-json\/wp\/v2\/users\/1"}],"replies":[{"embeddable":true,"href":"https:\/\/brafp.org.br\/iafp2024\/wp-json\/wp\/v2\/comments?post=4540"}],"version-history":[{"count":2,"href":"https:\/\/brafp.org.br\/iafp2024\/wp-json\/wp\/v2\/pages\/4540\/revisions"}],"predecessor-version":[{"id":4544,"href":"https:\/\/brafp.org.br\/iafp2024\/wp-json\/wp\/v2\/pages\/4540\/revisions\/4544"}],"wp:attachment":[{"href":"https:\/\/brafp.org.br\/iafp2024\/wp-json\/wp\/v2\/media?parent=4540"}],"curies":[{"name":"wp","href":"https:\/\/api.w.org\/{rel}","templated":true}]}}