{"id":4569,"date":"2024-08-26T12:10:10","date_gmt":"2024-08-26T15:10:10","guid":{"rendered":"https:\/\/brafp.org.br\/iafp2024\/?page_id=4569"},"modified":"2024-08-26T16:31:24","modified_gmt":"2024-08-26T19:31:24","slug":"coletor-de-dados","status":"publish","type":"page","link":"https:\/\/brafp.org.br\/iafp2024\/coletor-de-dados\/","title":{"rendered":"Coletor de Dados"},"content":{"rendered":"<p><img loading=\"lazy\" decoding=\"async\" class=\"aligncenter size-full wp-image-4573\" src=\"https:\/\/brafp.org.br\/iafp2024\/wp-content\/uploads\/2024\/08\/unnamed.jpg\" alt=\"\" width=\"1920\" height=\"560\" srcset=\"https:\/\/brafp.org.br\/iafp2024\/wp-content\/uploads\/2024\/08\/unnamed.jpg 1920w, https:\/\/brafp.org.br\/iafp2024\/wp-content\/uploads\/2024\/08\/unnamed-300x88.jpg 300w, https:\/\/brafp.org.br\/iafp2024\/wp-content\/uploads\/2024\/08\/unnamed-1024x299.jpg 1024w, https:\/\/brafp.org.br\/iafp2024\/wp-content\/uploads\/2024\/08\/unnamed-768x224.jpg 768w, https:\/\/brafp.org.br\/iafp2024\/wp-content\/uploads\/2024\/08\/unnamed-1536x448.jpg 1536w\" sizes=\"(max-width: 1920px) 100vw, 1920px\" \/><\/p>\n<p style=\"font-weight: 400;\">O Celular como Coletor de Dados \u00e9 um equipamento port\u00e1til, leve e f\u00e1cil de usar para voc\u00ea identificar os visitantes do seu estande com rapidez e facilidade.<\/p>\n<p style=\"font-weight: 400;\">Seu funcionamento extremamente simples e eficaz te ajudar\u00e1 a construir um mailling com os dados do seu p\u00fablico.<\/p>\n<p style=\"font-weight: 400;\">Nome<br \/>\nE-mail<br \/>\nTelefone<br \/>\nCidade e Estado<br \/>\nInstitui\u00e7\u00e3o\/V\u00ednculo<\/p>\n<p style=\"font-weight: 400;\">* Capacidade para mais de 2 mil leituras por dia<br \/>\n* Funciona offline<br \/>\n* Suporte t\u00e9cnico durante todo o evento<br \/>\n* Valor pelos quatro dias: R$ 2.900,00 ( dois mil e novecentos reais)<\/p>\n<p style=\"font-weight: 400;\">Otimize o seu tempo coletando as informa\u00e7\u00f5es atrav\u00e9s da leitura do QrCode da credencial dos visitantes do evento.<\/p>\n<p style=\"font-weight: 400;\">Novidade: Agora ficou mais f\u00e1cil encontrar os dados coletados! Voc\u00ea ter\u00e1 acesso ao relat\u00f3rio de contatos direto no Portal do Expositor.<\/p>\n<p style=\"font-weight: 400;\">Garanta o seu!<\/p>\n<p style=\"font-weight: 400;\">Reservas:\u00a0<a href=\"mailto:eventos@marucchieventos.com.br\">eventos@marucchieventos.com.br<\/a><\/p>\n<p style=\"font-weight: 400;\">\n","protected":false},"excerpt":{"rendered":"<p>O Celular como Coletor de Dados \u00e9 um equipamento port\u00e1til, leve e f\u00e1cil de usar para voc\u00ea identificar os visitantes do seu estande com rapidez e facilidade. Seu funcionamento extremamente simples e eficaz te ajudar\u00e1 a construir um mailling com os dados do seu p\u00fablico. Nome E-mail Telefone Cidade e Estado Institui\u00e7\u00e3o\/V\u00ednculo * Capacidade para [&hellip;]<\/p>\n","protected":false},"author":1,"featured_media":0,"parent":0,"menu_order":0,"comment_status":"closed","ping_status":"closed","template":"","meta":{"footnotes":""},"_links":{"self":[{"href":"https:\/\/brafp.org.br\/iafp2024\/wp-json\/wp\/v2\/pages\/4569"}],"collection":[{"href":"https:\/\/brafp.org.br\/iafp2024\/wp-json\/wp\/v2\/pages"}],"about":[{"href":"https:\/\/brafp.org.br\/iafp2024\/wp-json\/wp\/v2\/types\/page"}],"author":[{"embeddable":true,"href":"https:\/\/brafp.org.br\/iafp2024\/wp-json\/wp\/v2\/users\/1"}],"replies":[{"embeddable":true,"href":"https:\/\/brafp.org.br\/iafp2024\/wp-json\/wp\/v2\/comments?post=4569"}],"version-history":[{"count":5,"href":"https:\/\/brafp.org.br\/iafp2024\/wp-json\/wp\/v2\/pages\/4569\/revisions"}],"predecessor-version":[{"id":4582,"href":"https:\/\/brafp.org.br\/iafp2024\/wp-json\/wp\/v2\/pages\/4569\/revisions\/4582"}],"wp:attachment":[{"href":"https:\/\/brafp.org.br\/iafp2024\/wp-json\/wp\/v2\/media?parent=4569"}],"curies":[{"name":"wp","href":"https:\/\/api.w.org\/{rel}","templated":true}]}}