{"id":4624,"date":"2024-09-10T12:12:44","date_gmt":"2024-09-10T15:12:44","guid":{"rendered":"https:\/\/brafp.org.br\/iafp2024\/?page_id=4624"},"modified":"2024-11-26T12:04:39","modified_gmt":"2024-11-26T15:04:39","slug":"concessao-de-apoio-financeiro","status":"publish","type":"page","link":"https:\/\/brafp.org.br\/iafp2024\/concessao-de-apoio-financeiro\/","title":{"rendered":"Concess\u00e3o de Apoio Financeiro"},"content":{"rendered":"<p class=\"p1\"><strong>EDITAL DE CONCESS\u00c3O DE APOIO FINANCEIRO PARA ESTUDANTES &#8211; PARTICIPA\u00c7\u00c3O NO IAFP LATINO 2024<\/strong><\/p>\n<p class=\"p1\"><strong>1.Objetivo<\/strong><br \/>\nO presente edital visa conceder apoio financeiro a 12 estudantes no IAFP Latino 2024 atrav\u00e9s de concess\u00e3o de quatro di\u00e1rias por estudante, no valor total de R$ 1.280,00 (aproximadamente U$220), utilizando recursos do Conselho Nacional de Desenvolvimento Cient\u00edfico e Tecnol\u00f3gico (CNPq, processo 446561\/2023-1) e da BRAFP.<\/p>\n<p class=\"p1\"><strong>2. Candidatura<\/strong><br \/>\nOs estudantes devem atender aos seguintes pr\u00e9-requisitos para se candidatar:<\/p>\n<p>a. Ser estudante de Gradua\u00e7\u00e3o ou P\u00f3s-Gradua\u00e7\u00e3o (resid\u00eancia, mestrado e doutorado), regularmente matriculado;<\/p>\n<p class=\"p1\">b. Ser associado da BRAFP, da International Association for Food Protection (IAFP) ou qualquer <span class=\"s2\">outra associa\u00e7\u00e3o filiada \u00e0 IAFP (<\/span><a href=\"https:\/\/www.foodprotection.org\/affiliates\/directory\/\" target=\"_blank\" rel=\"noopener\">https:\/\/www.foodprotection.org\/affiliates\/directory\/<\/a><span class=\"s2\">)<\/span><\/p>\n<p class=\"p1\">c. Estar inscrito no IAFP Latino 2024 e ter pelo menos um trabalho aceito para apresenta\u00e7\u00e3o;<\/p>\n<p class=\"p1\">Para se inscrever neste edital, o estudante deve preencher o formul\u00e1rio dispon\u00edvel em <a href=\"https:\/\/forms.gle\/BxhfLvUuXJkqCxDMA\" target=\"_blank\" rel=\"noopener\"><span class=\"s3\">https:\/\/forms.gle\/BxhfLvUuXJkqCxDMA<\/span><\/a> e anexar os comprovantes mencionados nos itens a, b e c acima. <strong>Prazo para inscri\u00e7\u00e3o: 30 de setembro de 2024 (23h59min)<\/strong>: ap\u00f3s esta data, o formul\u00e1rio ficar\u00e1 indispon\u00edvel. Inscri\u00e7\u00f5es em portugu\u00eas, espanhol e ingl\u00eas ser\u00e3o aceitas.<\/p>\n<p class=\"p1\"><strong>3. Avalia\u00e7\u00e3o das candidaturas<\/strong><br \/>\nAs candidaturas ser\u00e3o avaliadas quanto ao atendimento dos requisitos listados no item 2. Uma Comiss\u00e3o de Avalia\u00e7\u00e3o, composta por 5 membros das Comiss\u00e3o Organizadora e Comiss\u00e3o Cient\u00edfica analisar\u00e1 os documentos, atribuindo notas entre 0 (zero) e 10 (dez), calculando-se uma m\u00e9dia para <span class=\"s4\">cada candidatura e selecionando os 12 melhores. <\/span>Os resultados ser\u00e3o comunicados aos candidatos por e-mail<strong> at\u00e9 o dia 11 de outubro de 2024. Nota: o resultado divulgado ser\u00e1 definitivo, n\u00e3o sendo poss\u00edvel solicita\u00e7\u00f5es de reconsidera\u00e7\u00e3o.<\/strong><\/p>\n<p class=\"p2\"><strong>4. Responsabilidades dos benefici\u00e1rios<\/strong><br \/>\nOs estudantes contemplados receber\u00e3o o valor do apoio financeiro no primeiro dia do evento, ap\u00f3s identifica\u00e7\u00e3o na recep\u00e7\u00e3o do evento e devendo assinar um recibo, conforme modelo e normas do CNPq.<\/p>\n<p class=\"p2\"><strong>8. Responsabilidades da BRAFP<\/strong><br \/>\nA BRAFP ir\u00e1 manter sob sua responsabilidade os recibos assinados para presta\u00e7\u00e3o de contas junto ao CNPq e divulgar\u00e1 a relev\u00e2ncia do apoio financeiro do CNPq para o desenvolvimento cient\u00edfico na \u00e1rea de qualidade e seguran\u00e7a de alimentos.<\/p>\n<p><strong><br \/>\nEstudantes selecionados para concess\u00e3o do apoio<\/p>\n<p><\/strong>Alice Karine da Silva, UFMG, Belo Horizonte, MG, Brasil<\/p>\n<p class=\"p1\">Arla Daniela Ramalho Ramalho da Cruz, UNESP, Ilha Solteira, SP, Brasil<\/p>\n<p class=\"p1\">Elisana Julek, UFPR, Curitiba, PR, Brasil<\/p>\n<p class=\"p1\">Felipe Pinheiro Vilela, USP, Ribeir\u00e3o Preto, SP, Brasil<\/p>\n<p class=\"p1\">Gabriela Zampieri Campos, USP, S\u00e3o Paulo, SP, Brasil<\/p>\n<p class=\"p1\">Larissa de Abreu Albano, UNESP, Ara\u00e7atuba, SP, Brasil<\/p>\n<p class=\"p1\">Mar\u00eda Bel\u00e9n Vargas Salas, Un Chile, Santiago, Chile<\/p>\n<p class=\"p1\">Maria Clara Shiroma Buri, UNESP, Ilha Solteira, SP, Brasil<\/p>\n<p class=\"p1\">Pamela Suelen Piacentini Picolli, UFPR, Palotina, PR, Brasil<\/p>\n<p class=\"p1\">Paula Andrea Cort\u00e9s Riquelme, Un Chile, Santiago, CHile<\/p>\n<p class=\"p1\">Tammy Priscilla Chioda Delfino, UNESP, Jaboticabal, SP, Brasil<\/p>\n<p class=\"p1\">Vitor Luis Fagundes, UFPR, Colombo, PR, Brasil<\/p>\n<p class=\"p2\"><strong>\u00a0<\/strong><\/p>\n","protected":false},"excerpt":{"rendered":"<p>EDITAL DE CONCESS\u00c3O DE APOIO FINANCEIRO PARA ESTUDANTES &#8211; PARTICIPA\u00c7\u00c3O NO IAFP LATINO 2024 1.Objetivo O presente edital visa conceder apoio financeiro a 12 estudantes no IAFP Latino 2024 atrav\u00e9s de concess\u00e3o de quatro di\u00e1rias por estudante, no valor total de R$ 1.280,00 (aproximadamente U$220), utilizando recursos do Conselho Nacional de Desenvolvimento Cient\u00edfico e Tecnol\u00f3gico [&hellip;]<\/p>\n","protected":false},"author":1,"featured_media":0,"parent":0,"menu_order":0,"comment_status":"closed","ping_status":"closed","template":"","meta":{"footnotes":""},"_links":{"self":[{"href":"https:\/\/brafp.org.br\/iafp2024\/wp-json\/wp\/v2\/pages\/4624"}],"collection":[{"href":"https:\/\/brafp.org.br\/iafp2024\/wp-json\/wp\/v2\/pages"}],"about":[{"href":"https:\/\/brafp.org.br\/iafp2024\/wp-json\/wp\/v2\/types\/page"}],"author":[{"embeddable":true,"href":"https:\/\/brafp.org.br\/iafp2024\/wp-json\/wp\/v2\/users\/1"}],"replies":[{"embeddable":true,"href":"https:\/\/brafp.org.br\/iafp2024\/wp-json\/wp\/v2\/comments?post=4624"}],"version-history":[{"count":5,"href":"https:\/\/brafp.org.br\/iafp2024\/wp-json\/wp\/v2\/pages\/4624\/revisions"}],"predecessor-version":[{"id":5473,"href":"https:\/\/brafp.org.br\/iafp2024\/wp-json\/wp\/v2\/pages\/4624\/revisions\/5473"}],"wp:attachment":[{"href":"https:\/\/brafp.org.br\/iafp2024\/wp-json\/wp\/v2\/media?parent=4624"}],"curies":[{"name":"wp","href":"https:\/\/api.w.org\/{rel}","templated":true}]}}