{"id":4732,"date":"2024-10-07T08:44:23","date_gmt":"2024-10-07T11:44:23","guid":{"rendered":"https:\/\/brafp.org.br\/iafp2024\/?page_id=4732"},"modified":"2024-10-11T09:28:54","modified_gmt":"2024-10-11T12:28:54","slug":"presencas-confirmadas","status":"publish","type":"page","link":"https:\/\/brafp.org.br\/iafp2024\/presencas-confirmadas\/","title":{"rendered":"Presen\u00e7as confirmadas"},"content":{"rendered":"\t\t<div data-elementor-type=\"wp-page\" data-elementor-id=\"4732\" class=\"elementor elementor-4732\" data-elementor-post-type=\"page\">\n\t\t\t\t\t\t\t\t\t<section class=\"elementor-section elementor-top-section elementor-element elementor-element-d894a72 elementor-section-boxed elementor-section-height-default elementor-section-height-default\" data-id=\"d894a72\" data-element_type=\"section\" data-settings=\"{&quot;background_background&quot;:&quot;classic&quot;}\">\n\t\t\t\t\t\t<div class=\"elementor-container elementor-column-gap-default\">\n\t\t\t\t\t<div class=\"elementor-column elementor-col-100 elementor-top-column elementor-element elementor-element-ee94f22\" data-id=\"ee94f22\" data-element_type=\"column\">\n\t\t\t<div class=\"elementor-widget-wrap elementor-element-populated\">\n\t\t\t\t\t\t\t\t<div class=\"elementor-element elementor-element-9ded5d5 elementor-widget elementor-widget-heading\" data-id=\"9ded5d5\" data-element_type=\"widget\" data-widget_type=\"heading.default\">\n\t\t\t\t<div class=\"elementor-widget-container\">\n\t\t\t<style>\/*! elementor - v3.16.0 - 17-10-2023 *\/\n.elementor-heading-title{padding:0;margin:0;line-height:1}.elementor-widget-heading .elementor-heading-title[class*=elementor-size-]>a{color:inherit;font-size:inherit;line-height:inherit}.elementor-widget-heading .elementor-heading-title.elementor-size-small{font-size:15px}.elementor-widget-heading .elementor-heading-title.elementor-size-medium{font-size:19px}.elementor-widget-heading .elementor-heading-title.elementor-size-large{font-size:29px}.elementor-widget-heading .elementor-heading-title.elementor-size-xl{font-size:39px}.elementor-widget-heading .elementor-heading-title.elementor-size-xxl{font-size:59px}<\/style><p class=\"elementor-heading-title elementor-size-default\">Presen\u00e7as confirmadas<\/p>\t\t<\/div>\n\t\t\t\t<\/div>\n\t\t\t\t<section class=\"elementor-section elementor-inner-section elementor-element elementor-element-37506c1 elementor-section-boxed elementor-section-height-default elementor-section-height-default\" data-id=\"37506c1\" data-element_type=\"section\">\n\t\t\t\t\t\t<div class=\"elementor-container elementor-column-gap-default\">\n\t\t\t\t\t<div class=\"elementor-column elementor-col-50 elementor-inner-column elementor-element elementor-element-9e917b5\" data-id=\"9e917b5\" data-element_type=\"column\">\n\t\t\t<div class=\"elementor-widget-wrap elementor-element-populated\">\n\t\t\t\t\t\t\t\t<div class=\"elementor-element elementor-element-113e787 elementor-widget elementor-widget-video\" data-id=\"113e787\" data-element_type=\"widget\" data-settings=\"{&quot;video_type&quot;:&quot;hosted&quot;,&quot;controls&quot;:&quot;yes&quot;}\" data-widget_type=\"video.default\">\n\t\t\t\t<div class=\"elementor-widget-container\">\n\t\t\t<style>\/*! elementor - v3.16.0 - 17-10-2023 *\/\n.elementor-widget-video .elementor-widget-container{overflow:hidden;transform:translateZ(0)}.elementor-widget-video .elementor-wrapper{aspect-ratio:var(--video-aspect-ratio)}.elementor-widget-video .elementor-wrapper iframe,.elementor-widget-video .elementor-wrapper video{height:100%;width:100%;display:flex;border:none;background-color:#000}@supports not (aspect-ratio:1\/1){.elementor-widget-video .elementor-wrapper{position:relative;overflow:hidden;height:0;padding-bottom:calc(100% \/ var(--video-aspect-ratio))}.elementor-widget-video .elementor-wrapper iframe,.elementor-widget-video .elementor-wrapper video{position:absolute;top:0;right:0;bottom:0;left:0}}.elementor-widget-video .elementor-open-inline .elementor-custom-embed-image-overlay{position:absolute;top:0;right:0;bottom:0;left:0;background-size:cover;background-position:50%}.elementor-widget-video .elementor-custom-embed-image-overlay{cursor:pointer;text-align:center}.elementor-widget-video .elementor-custom-embed-image-overlay:hover .elementor-custom-embed-play i{opacity:1}.elementor-widget-video .elementor-custom-embed-image-overlay img{display:block;width:100%;aspect-ratio:var(--video-aspect-ratio);-o-object-fit:cover;object-fit:cover;-o-object-position:center center;object-position:center center}@supports not (aspect-ratio:1\/1){.elementor-widget-video .elementor-custom-embed-image-overlay{position:relative;overflow:hidden;height:0;padding-bottom:calc(100% \/ var(--video-aspect-ratio))}.elementor-widget-video .elementor-custom-embed-image-overlay img{position:absolute;top:0;right:0;bottom:0;left:0}}.elementor-widget-video .e-hosted-video .elementor-video{-o-object-fit:cover;object-fit:cover}.e-con-inner>.elementor-widget-video,.e-con>.elementor-widget-video{width:var(--container-widget-width);--flex-grow:var(--container-widget-flex-grow)}<\/style>\t\t<div class=\"e-hosted-video elementor-wrapper elementor-open-inline\">\n\t\t\t\t\t<video class=\"elementor-video\" src=\"https:\/\/brafp.org.br\/iafp2024\/wp-content\/uploads\/2024\/10\/Snapinsta.app_video_7C4E124A1C8593AA06FCF922F442C192_video_dashinit.mp4\" controls=\"\" preload=\"metadata\" controlsList=\"nodownload\"><\/video>\n\t\t\t\t<\/div>\n\t\t\t\t<\/div>\n\t\t\t\t<\/div>\n\t\t\t\t\t<\/div>\n\t\t<\/div>\n\t\t\t\t<div class=\"elementor-column elementor-col-50 elementor-inner-column elementor-element elementor-element-d9a3cb5\" data-id=\"d9a3cb5\" data-element_type=\"column\">\n\t\t\t<div class=\"elementor-widget-wrap elementor-element-populated\">\n\t\t\t\t\t\t\t\t<div class=\"elementor-element elementor-element-19c4c43 elementor-widget elementor-widget-text-editor\" data-id=\"19c4c43\" data-element_type=\"widget\" data-widget_type=\"text-editor.default\">\n\t\t\t\t<div class=\"elementor-widget-container\">\n\t\t\t<style>\/*! elementor - v3.16.0 - 17-10-2023 *\/\n.elementor-widget-text-editor.elementor-drop-cap-view-stacked .elementor-drop-cap{background-color:#69727d;color:#fff}.elementor-widget-text-editor.elementor-drop-cap-view-framed .elementor-drop-cap{color:#69727d;border:3px solid;background-color:transparent}.elementor-widget-text-editor:not(.elementor-drop-cap-view-default) .elementor-drop-cap{margin-top:8px}.elementor-widget-text-editor:not(.elementor-drop-cap-view-default) .elementor-drop-cap-letter{width:1em;height:1em}.elementor-widget-text-editor .elementor-drop-cap{float:left;text-align:center;line-height:1;font-size:50px}.elementor-widget-text-editor .elementor-drop-cap-letter{display:inline-block}<\/style>\t\t\t\t<p>John Donaghy, Chefe de Seguran\u00e7a Alimentar, Nestl\u00e9, Su\u00ed\u00e7a.<\/p><p>Suas responsabilidades incluem aspectos operacionais globais do HACCP, microbiologia da seguran\u00e7a alimentar, higiene industrial, programas de pr\u00e9-requisitos e gest\u00e3o de alerg\u00eanicos. Lidera uma equipe global de especialistas em seguran\u00e7a alimentar, supervisionando a implementa\u00e7\u00e3o dos principais padr\u00f5es de Qualidade e Seguran\u00e7a Alimentar da Nestl\u00e9, em n\u00edvel de mercado e f\u00e1brica. Anteriormente trabalhou como Microbiologista S\u00eanior de Seguran\u00e7a Alimentar na Nestl\u00e9 R&amp;D, representando a Nestl\u00e9 na Comiss\u00e3o Internacional de Especifica\u00e7\u00f5es Microbiol\u00f3gicas de Alimentos (ICMSF), outros grupos de observadores do Codex e v\u00e1rios grupos de partes interessadas consultivas de seguran\u00e7a alimentar. Antes de ingressar na Nestl\u00e9, trabalhou como L\u00edder de Projeto em microbiologia de seguran\u00e7a alimentar no Agri-Food &amp; Biosciences Institute (AFBI), Irlanda do Norte, em projetos financiados pelo Governo Nacional, Ind\u00fastria de Alimentos e Uni\u00e3o Europeia. Anteriormente, trabalhou como Chefe do Laborat\u00f3rio de Servi\u00e7os Cient\u00edficos do Governo respons\u00e1vel pela an\u00e1lise microbiol\u00f3gica.<\/p><p>Sua palestra ter\u00e1 o seguinte tema: Estrat\u00e9gias de controle de pat\u00f3genos baseadas em microbioma que podem ser implementadas na ind\u00fastria de alimentos.<\/p><p>O Next Generation Sequencing (NGS) continua a encontrar aplica\u00e7\u00f5es na gest\u00e3o da seguran\u00e7a e qualidade dos alimentos. Sequenciamento do Genoma Completo (WGS) e metodologias baseadas em microbioma\/metagen\u00f4mica est\u00e3o se tornando parte dos fluxos de trabalho laboratoriais para identifica\u00e7\u00e3o de pat\u00f3genos e estudos de ecologia de f\u00e1bricas\/alimentos, respectivamente.<\/p>\t\t\t\t\t\t<\/div>\n\t\t\t\t<\/div>\n\t\t\t\t\t<\/div>\n\t\t<\/div>\n\t\t\t\t\t\t\t<\/div>\n\t\t<\/section>\n\t\t\t\t<section class=\"elementor-section elementor-inner-section elementor-element elementor-element-7ce5bb9 elementor-section-boxed elementor-section-height-default elementor-section-height-default\" data-id=\"7ce5bb9\" data-element_type=\"section\">\n\t\t\t\t\t\t<div class=\"elementor-container elementor-column-gap-default\">\n\t\t\t\t\t<div class=\"elementor-column elementor-col-50 elementor-inner-column elementor-element elementor-element-1e199c3\" data-id=\"1e199c3\" data-element_type=\"column\">\n\t\t\t<div class=\"elementor-widget-wrap elementor-element-populated\">\n\t\t\t\t\t\t\t\t<div class=\"elementor-element elementor-element-615dbc0 elementor-widget elementor-widget-video\" data-id=\"615dbc0\" data-element_type=\"widget\" data-settings=\"{&quot;video_type&quot;:&quot;hosted&quot;,&quot;controls&quot;:&quot;yes&quot;}\" data-widget_type=\"video.default\">\n\t\t\t\t<div class=\"elementor-widget-container\">\n\t\t\t\t\t<div class=\"e-hosted-video elementor-wrapper elementor-open-inline\">\n\t\t\t\t\t<video class=\"elementor-video\" src=\"https:\/\/brafp.org.br\/iafp2024\/wp-content\/uploads\/2024\/10\/Snapinsta.app_video_CB42C0460D3BDFC70872EB95D2488A86_video_dashinit.mp4\" controls=\"\" preload=\"metadata\" controlsList=\"nodownload\"><\/video>\n\t\t\t\t<\/div>\n\t\t\t\t<\/div>\n\t\t\t\t<\/div>\n\t\t\t\t\t<\/div>\n\t\t<\/div>\n\t\t\t\t<div class=\"elementor-column elementor-col-50 elementor-inner-column elementor-element elementor-element-0eea60e\" data-id=\"0eea60e\" data-element_type=\"column\">\n\t\t\t<div class=\"elementor-widget-wrap elementor-element-populated\">\n\t\t\t\t\t\t\t\t<div class=\"elementor-element elementor-element-a8837d8 elementor-widget elementor-widget-text-editor\" data-id=\"a8837d8\" data-element_type=\"widget\" data-widget_type=\"text-editor.default\">\n\t\t\t\t<div class=\"elementor-widget-container\">\n\t\t\t\t\t\t\t<p>Dory Worcman Barninka, Doutora em Ci\u00eancia dos Alimentos\/Microbiologia de Alimentos. Nestl\u00e9 Health Science \u2013 com s\u00f3lida experi\u00eancia na Ind\u00fastria de Alimentos e Centros de Pesquisa em Garantia da Qualidade, com cargos de controle de qualidade\/gest\u00e3o de laborat\u00f3rio.<\/p><p>Sua palestra ter\u00e1 o seguinte tema: Monitoramento de pat\u00f3genos na cadeia produtiva de alimentos.<\/p><p>O monitoramento de pat\u00f3genos na Industria de alimentos e essencial para manter a produ\u00e7\u00e3o sob controle e mitigar o risco de contamina\u00e7\u00e3o cruzada garantindo um alimento seguro para os consumidores. O controle de qualidade apenas do produto final n\u00e3o e vi\u00e1vel e eficiente para garantir a seguran\u00e7a dos alimentos. A correta identifica\u00e7\u00e3o do tipo de amostra, os pontos e frequ\u00eancia de amostragem e os micro-organismos a serem testados s\u00e3o alguns dos aspectos a serem considerados na elabora\u00e7\u00e3o de um programa efetivo.<\/p><p>Como elaborar e manter um programa de controle de pat\u00f3genos na minha Industria? Ser\u00e1 que e aplic\u00e1vel para a minha categoria de produto? Quais os tipos de amostras que devo coletar? Todos na mesma frequ\u00eancia? Devo focar nos mesmos micro-organismos? Quem deve coletar as amostras? E o que fazer com os resultados?<\/p><p>Esta sess\u00e3o vai nos fornecer os conceitos b\u00e1sicos e dar as ferramentas para elaborar e manter um programa de controle de pat\u00f3genos din\u00e2mico e efetivo na ind\u00fastria de alimentos.<\/p>\t\t\t\t\t\t<\/div>\n\t\t\t\t<\/div>\n\t\t\t\t\t<\/div>\n\t\t<\/div>\n\t\t\t\t\t\t\t<\/div>\n\t\t<\/section>\n\t\t\t\t<section class=\"elementor-section elementor-inner-section elementor-element elementor-element-b61587f elementor-section-boxed elementor-section-height-default elementor-section-height-default\" data-id=\"b61587f\" data-element_type=\"section\">\n\t\t\t\t\t\t<div class=\"elementor-container elementor-column-gap-default\">\n\t\t\t\t\t<div class=\"elementor-column elementor-col-50 elementor-inner-column elementor-element elementor-element-9d958a0\" data-id=\"9d958a0\" data-element_type=\"column\">\n\t\t\t<div class=\"elementor-widget-wrap elementor-element-populated\">\n\t\t\t\t\t\t\t\t<div class=\"elementor-element elementor-element-4584e6d elementor-widget elementor-widget-video\" data-id=\"4584e6d\" data-element_type=\"widget\" data-settings=\"{&quot;video_type&quot;:&quot;hosted&quot;,&quot;controls&quot;:&quot;yes&quot;}\" data-widget_type=\"video.default\">\n\t\t\t\t<div class=\"elementor-widget-container\">\n\t\t\t\t\t<div class=\"e-hosted-video elementor-wrapper elementor-open-inline\">\n\t\t\t\t\t<video class=\"elementor-video\" src=\"https:\/\/brafp.org.br\/iafp2024\/wp-content\/uploads\/2024\/10\/Snapinsta.app_video_9B4696426F46048613EC78194CE19CB6_video_dashinit.mp4\" controls=\"\" preload=\"metadata\" controlsList=\"nodownload\"><\/video>\n\t\t\t\t<\/div>\n\t\t\t\t<\/div>\n\t\t\t\t<\/div>\n\t\t\t\t\t<\/div>\n\t\t<\/div>\n\t\t\t\t<div class=\"elementor-column elementor-col-50 elementor-inner-column elementor-element elementor-element-6e92916\" data-id=\"6e92916\" data-element_type=\"column\">\n\t\t\t<div class=\"elementor-widget-wrap elementor-element-populated\">\n\t\t\t\t\t\t\t\t<div class=\"elementor-element elementor-element-a9f3d70 elementor-widget elementor-widget-text-editor\" data-id=\"a9f3d70\" data-element_type=\"widget\" data-widget_type=\"text-editor.default\">\n\t\t\t\t<div class=\"elementor-widget-container\">\n\t\t\t\t\t\t\t<p>Crit\u00e9rios microbiol\u00f3gicos \u201cfit for purpose\u201d, Francisco J. Garc\u00e9s-Vega, independent Consultant on Food Safety, Col\u00f4mbia<\/p>\t\t\t\t\t\t<\/div>\n\t\t\t\t<\/div>\n\t\t\t\t\t<\/div>\n\t\t<\/div>\n\t\t\t\t\t\t\t<\/div>\n\t\t<\/section>\n\t\t\t\t<section class=\"elementor-section elementor-inner-section elementor-element elementor-element-6250377 elementor-section-boxed elementor-section-height-default elementor-section-height-default\" data-id=\"6250377\" data-element_type=\"section\">\n\t\t\t\t\t\t<div class=\"elementor-container elementor-column-gap-default\">\n\t\t\t\t\t<div class=\"elementor-column elementor-col-50 elementor-inner-column elementor-element elementor-element-f89cdd2\" data-id=\"f89cdd2\" data-element_type=\"column\">\n\t\t\t<div class=\"elementor-widget-wrap elementor-element-populated\">\n\t\t\t\t\t\t\t\t<div class=\"elementor-element elementor-element-5cbadd8 elementor-widget elementor-widget-video\" data-id=\"5cbadd8\" data-element_type=\"widget\" data-settings=\"{&quot;video_type&quot;:&quot;hosted&quot;,&quot;controls&quot;:&quot;yes&quot;}\" data-widget_type=\"video.default\">\n\t\t\t\t<div class=\"elementor-widget-container\">\n\t\t\t\t\t<div class=\"e-hosted-video elementor-wrapper elementor-open-inline\">\n\t\t\t\t\t<video class=\"elementor-video\" src=\"https:\/\/brafp.org.br\/iafp2024\/wp-content\/uploads\/2024\/10\/Snapinsta.app_video_CD47B5F28758782FC974E0C4C8BA3D8C_video_dashinit.mp4\" controls=\"\" preload=\"metadata\" controlsList=\"nodownload\"><\/video>\n\t\t\t\t<\/div>\n\t\t\t\t<\/div>\n\t\t\t\t<\/div>\n\t\t\t\t\t<\/div>\n\t\t<\/div>\n\t\t\t\t<div class=\"elementor-column elementor-col-50 elementor-inner-column elementor-element elementor-element-91f49a6\" data-id=\"91f49a6\" data-element_type=\"column\">\n\t\t\t<div class=\"elementor-widget-wrap elementor-element-populated\">\n\t\t\t\t\t\t\t\t<div class=\"elementor-element elementor-element-7a4e196 elementor-widget elementor-widget-text-editor\" data-id=\"7a4e196\" data-element_type=\"widget\" data-widget_type=\"text-editor.default\">\n\t\t\t\t<div class=\"elementor-widget-container\">\n\t\t\t\t\t\t\t<p>Maria Teresa Destro, consultora em food safety, Brasil<\/p><p>Curso 2: Controle de Listeria em ambientes de processamento de produtos de origem animal<\/p><p>Mesa redonda 5. A seguran\u00e7a dos alimentos no cotidiano (Casos e \u201ccausos\u201d) &#8211; Controle de microrganismos contaminantes de alimentos no ambiente dom\u00e9stico, Maria Teresa Destro, consultora food safety, Brasil<\/p>\t\t\t\t\t\t<\/div>\n\t\t\t\t<\/div>\n\t\t\t\t\t<\/div>\n\t\t<\/div>\n\t\t\t\t\t\t\t<\/div>\n\t\t<\/section>\n\t\t\t\t<section class=\"elementor-section elementor-inner-section elementor-element elementor-element-79ebac7 elementor-section-boxed elementor-section-height-default elementor-section-height-default\" data-id=\"79ebac7\" data-element_type=\"section\">\n\t\t\t\t\t\t<div class=\"elementor-container elementor-column-gap-default\">\n\t\t\t\t\t<div class=\"elementor-column elementor-col-50 elementor-inner-column elementor-element elementor-element-cdba93b\" data-id=\"cdba93b\" data-element_type=\"column\">\n\t\t\t<div class=\"elementor-widget-wrap elementor-element-populated\">\n\t\t\t\t\t\t\t\t<div class=\"elementor-element elementor-element-d0532cc elementor-widget elementor-widget-video\" data-id=\"d0532cc\" data-element_type=\"widget\" data-settings=\"{&quot;video_type&quot;:&quot;hosted&quot;,&quot;controls&quot;:&quot;yes&quot;}\" data-widget_type=\"video.default\">\n\t\t\t\t<div class=\"elementor-widget-container\">\n\t\t\t\t\t<div class=\"e-hosted-video elementor-wrapper elementor-open-inline\">\n\t\t\t\t\t<video class=\"elementor-video\" src=\"https:\/\/brafp.org.br\/iafp2024\/wp-content\/uploads\/2024\/10\/Snapinsta.app_video_DB43D7F12BC1E5A28A91D002D7EE5E8E_video_dashinit.mp4\" controls=\"\" preload=\"metadata\" controlsList=\"nodownload\"><\/video>\n\t\t\t\t<\/div>\n\t\t\t\t<\/div>\n\t\t\t\t<\/div>\n\t\t\t\t\t<\/div>\n\t\t<\/div>\n\t\t\t\t<div class=\"elementor-column elementor-col-50 elementor-inner-column elementor-element elementor-element-5ba1508\" data-id=\"5ba1508\" data-element_type=\"column\">\n\t\t\t<div class=\"elementor-widget-wrap elementor-element-populated\">\n\t\t\t\t\t\t\t\t<div class=\"elementor-element elementor-element-2bab114 elementor-widget elementor-widget-text-editor\" data-id=\"2bab114\" data-element_type=\"widget\" data-widget_type=\"text-editor.default\">\n\t\t\t\t<div class=\"elementor-widget-container\">\n\t\t\t\t\t\t\t<p>Ang\u00e9lica God\u00ednez, Aut\u00f3nomos University of Quer\u00e9taro, M\u00e9xico<\/p><p>Curso 1: Ferramentas para avalia\u00e7\u00e3o quantitativa de riscos<\/p><p>Mesa redonda 4. Fortaleciendo la Inocuidad Alimentaria en Am\u00e9rica Latina: Avances a trav\u00e9s de la Evaluaci\u00f3n Cuantitativa de Riesgos (moderador: Ang\u00e9lica God\u00ednez Oviedo, Aut\u00f3nomos University of Quer\u00e9taro, M\u00e9xico)<\/p>\t\t\t\t\t\t<\/div>\n\t\t\t\t<\/div>\n\t\t\t\t\t<\/div>\n\t\t<\/div>\n\t\t\t\t\t\t\t<\/div>\n\t\t<\/section>\n\t\t\t\t\t<\/div>\n\t\t<\/div>\n\t\t\t\t\t\t\t<\/div>\n\t\t<\/section>\n\t\t\t\t\t\t\t<\/div>\n\t\t","protected":false},"excerpt":{"rendered":"<p>Presen\u00e7as confirmadas https:\/\/brafp.org.br\/iafp2024\/wp-content\/uploads\/2024\/10\/Snapinsta.app_video_7C4E124A1C8593AA06FCF922F442C192_video_dashinit.mp4 John Donaghy, Chefe de Seguran\u00e7a Alimentar, Nestl\u00e9, Su\u00ed\u00e7a. Suas responsabilidades incluem aspectos operacionais globais do HACCP, microbiologia da seguran\u00e7a alimentar, higiene industrial, programas de pr\u00e9-requisitos e gest\u00e3o de alerg\u00eanicos. Lidera uma equipe global de especialistas em seguran\u00e7a alimentar, supervisionando a implementa\u00e7\u00e3o dos principais padr\u00f5es de Qualidade e Seguran\u00e7a Alimentar da Nestl\u00e9, em [&hellip;]<\/p>\n","protected":false},"author":1,"featured_media":0,"parent":0,"menu_order":0,"comment_status":"closed","ping_status":"closed","template":"","meta":{"footnotes":""},"_links":{"self":[{"href":"https:\/\/brafp.org.br\/iafp2024\/wp-json\/wp\/v2\/pages\/4732"}],"collection":[{"href":"https:\/\/brafp.org.br\/iafp2024\/wp-json\/wp\/v2\/pages"}],"about":[{"href":"https:\/\/brafp.org.br\/iafp2024\/wp-json\/wp\/v2\/types\/page"}],"author":[{"embeddable":true,"href":"https:\/\/brafp.org.br\/iafp2024\/wp-json\/wp\/v2\/users\/1"}],"replies":[{"embeddable":true,"href":"https:\/\/brafp.org.br\/iafp2024\/wp-json\/wp\/v2\/comments?post=4732"}],"version-history":[{"count":11,"href":"https:\/\/brafp.org.br\/iafp2024\/wp-json\/wp\/v2\/pages\/4732\/revisions"}],"predecessor-version":[{"id":4832,"href":"https:\/\/brafp.org.br\/iafp2024\/wp-json\/wp\/v2\/pages\/4732\/revisions\/4832"}],"wp:attachment":[{"href":"https:\/\/brafp.org.br\/iafp2024\/wp-json\/wp\/v2\/media?parent=4732"}],"curies":[{"name":"wp","href":"https:\/\/api.w.org\/{rel}","templated":true}]}}