{"id":4747,"date":"2024-10-07T11:03:46","date_gmt":"2024-10-07T14:03:46","guid":{"rendered":"https:\/\/brafp.org.br\/iafp2024\/?page_id=4747"},"modified":"2024-10-07T11:07:02","modified_gmt":"2024-10-07T14:07:02","slug":"impressao-do-banner","status":"publish","type":"page","link":"https:\/\/brafp.org.br\/iafp2024\/impressao-do-banner\/","title":{"rendered":"Impress\u00e3o do banner"},"content":{"rendered":"\t\t<div data-elementor-type=\"wp-page\" data-elementor-id=\"4747\" class=\"elementor elementor-4747\" data-elementor-post-type=\"page\">\n\t\t\t\t\t\t\t\t\t<section class=\"elementor-section elementor-top-section elementor-element elementor-element-6d18c17 elementor-section-boxed elementor-section-height-default elementor-section-height-default\" data-id=\"6d18c17\" data-element_type=\"section\" data-settings=\"{&quot;background_background&quot;:&quot;classic&quot;}\">\n\t\t\t\t\t\t<div class=\"elementor-container elementor-column-gap-default\">\n\t\t\t\t\t<div class=\"elementor-column elementor-col-100 elementor-top-column elementor-element elementor-element-4292c2b\" data-id=\"4292c2b\" data-element_type=\"column\">\n\t\t\t<div class=\"elementor-widget-wrap elementor-element-populated\">\n\t\t\t\t\t\t\t\t<div class=\"elementor-element elementor-element-1615727 elementor-widget elementor-widget-heading\" data-id=\"1615727\" data-element_type=\"widget\" data-widget_type=\"heading.default\">\n\t\t\t\t<div class=\"elementor-widget-container\">\n\t\t\t<style>\/*! elementor - v3.16.0 - 17-10-2023 *\/\n.elementor-heading-title{padding:0;margin:0;line-height:1}.elementor-widget-heading .elementor-heading-title[class*=elementor-size-]>a{color:inherit;font-size:inherit;line-height:inherit}.elementor-widget-heading .elementor-heading-title.elementor-size-small{font-size:15px}.elementor-widget-heading .elementor-heading-title.elementor-size-medium{font-size:19px}.elementor-widget-heading .elementor-heading-title.elementor-size-large{font-size:29px}.elementor-widget-heading .elementor-heading-title.elementor-size-xl{font-size:39px}.elementor-widget-heading .elementor-heading-title.elementor-size-xxl{font-size:59px}<\/style><p class=\"elementor-heading-title elementor-size-default\">Gr\u00e1fica - Impress\u00e3o do banner<\/p>\t\t<\/div>\n\t\t\t\t<\/div>\n\t\t\t\t<div class=\"elementor-element elementor-element-9ea8caa elementor-widget elementor-widget-text-editor\" data-id=\"9ea8caa\" data-element_type=\"widget\" data-widget_type=\"text-editor.default\">\n\t\t\t\t<div class=\"elementor-widget-container\">\n\t\t\t<style>\/*! elementor - v3.16.0 - 17-10-2023 *\/\n.elementor-widget-text-editor.elementor-drop-cap-view-stacked .elementor-drop-cap{background-color:#69727d;color:#fff}.elementor-widget-text-editor.elementor-drop-cap-view-framed .elementor-drop-cap{color:#69727d;border:3px solid;background-color:transparent}.elementor-widget-text-editor:not(.elementor-drop-cap-view-default) .elementor-drop-cap{margin-top:8px}.elementor-widget-text-editor:not(.elementor-drop-cap-view-default) .elementor-drop-cap-letter{width:1em;height:1em}.elementor-widget-text-editor .elementor-drop-cap{float:left;text-align:center;line-height:1;font-size:50px}.elementor-widget-text-editor .elementor-drop-cap-letter{display:inline-block}<\/style>\t\t\t\t<p class=\"p1\"><img loading=\"lazy\" decoding=\"async\" class=\" wp-image-4751 alignleft\" src=\"https:\/\/brafp.org.br\/iafp2024\/wp-content\/uploads\/2024\/10\/img.png\" alt=\"\" width=\"180\" height=\"180\" srcset=\"https:\/\/brafp.org.br\/iafp2024\/wp-content\/uploads\/2024\/10\/img.png 215w, https:\/\/brafp.org.br\/iafp2024\/wp-content\/uploads\/2024\/10\/img-150x150.png 150w\" sizes=\"(max-width: 180px) 100vw, 180px\" \/>Temos o prazer de anunciar uma parceria com a Gr\u00e1fica Stilus para a impress\u00e3o dos banners cient\u00edficos do nosso evento.<\/p><p class=\"p1\">A Gr\u00e1fica Stilus \u00e9 reconhecida pela sua excel\u00eancia em servi\u00e7os de impress\u00e3o, e estamos entusiasmados em contar com sua expertise para apresentar as pesquisas e trabalhos de nossos participantes de forma impactante e profissional.<\/p><p class=\"p2\"><b><br \/><br \/>Nossos Contatos<\/b><\/p><p>Av. Pedro Lessa, 1986<br \/>Embar\u00e9, Santos, S\u00e3o Paulo \u2013 \u00e0 3 km do centro de conven\u00e7\u00f5es<\/p><p>(13) 98207-5456<\/p><p><span class=\"s2\"><a href=\"mailto:stilusmidia@gmail.com\"><span class=\"s3\">stilusmidia@gmail.com<\/span><\/a><br \/><br \/><\/span>Hor\u00e1rio de Atendimento<br \/>Segunda &#8211; Sexta: 09h \u00e0s 18h30<br \/>S\u00e1bado: 09 \u00e0s 14h<\/p><p><span class=\"s2\"><a href=\"https:\/\/www.facebook.com\/stilusmidia\/\"><span class=\"s3\">facebook.com\/stilusmidia<\/span><\/a><br \/><\/span><span class=\"s2\"><a href=\"https:\/\/www.instagram.com\/stilus7030\/\"><span class=\"s3\">instagram.com\/stilus7030<\/span><\/a><br \/><\/span><span class=\"s2\"><a href=\"https:\/\/stilusmidia.com.br\/\"><span class=\"s3\">https:\/\/stilusmidia.com.br\/<\/span><\/a><\/span><\/p><p class=\"p2\"><b>Sobre a Confec\u00e7\u00e3o e apresenta\u00e7\u00e3o do P\u00f4ster<\/b><b><\/b><\/p><p class=\"p3\"><span class=\"s5\"><a href=\"https:\/\/brafp.org.br\/iafp2024\/confeccao-e-apresentacao-do-poster\/\">https:\/\/brafp.org.br\/iafp2024\/confeccao-e-apresentacao-do-poster\/<\/a><\/span><\/p><p class=\"p2\">O tamanho m\u00e1ximo do p\u00f4ster ser\u00e1 de 1,5 m. de altura por 0,90 m. de largura.<\/p><p class=\"p2\">Valor por banner: R$ 120,00<\/p><p class=\"p2\">Importante: A impress\u00e3o, pagamento e retirada dos p\u00f4steres n\u00e3o \u00e9 de responsabilidade do IAFP Latino.<\/p>\t\t\t\t\t\t<\/div>\n\t\t\t\t<\/div>\n\t\t\t\t\t<\/div>\n\t\t<\/div>\n\t\t\t\t\t\t\t<\/div>\n\t\t<\/section>\n\t\t\t\t\t\t\t<\/div>\n\t\t","protected":false},"excerpt":{"rendered":"<p>Gr\u00e1fica &#8211; Impress\u00e3o do banner Temos o prazer de anunciar uma parceria com a Gr\u00e1fica Stilus para a impress\u00e3o dos banners cient\u00edficos do nosso evento. A Gr\u00e1fica Stilus \u00e9 reconhecida pela sua excel\u00eancia em servi\u00e7os de impress\u00e3o, e estamos entusiasmados em contar com sua expertise para apresentar as pesquisas e trabalhos de nossos participantes de [&hellip;]<\/p>\n","protected":false},"author":1,"featured_media":0,"parent":0,"menu_order":0,"comment_status":"closed","ping_status":"closed","template":"","meta":{"footnotes":""},"_links":{"self":[{"href":"https:\/\/brafp.org.br\/iafp2024\/wp-json\/wp\/v2\/pages\/4747"}],"collection":[{"href":"https:\/\/brafp.org.br\/iafp2024\/wp-json\/wp\/v2\/pages"}],"about":[{"href":"https:\/\/brafp.org.br\/iafp2024\/wp-json\/wp\/v2\/types\/page"}],"author":[{"embeddable":true,"href":"https:\/\/brafp.org.br\/iafp2024\/wp-json\/wp\/v2\/users\/1"}],"replies":[{"embeddable":true,"href":"https:\/\/brafp.org.br\/iafp2024\/wp-json\/wp\/v2\/comments?post=4747"}],"version-history":[{"count":7,"href":"https:\/\/brafp.org.br\/iafp2024\/wp-json\/wp\/v2\/pages\/4747\/revisions"}],"predecessor-version":[{"id":4757,"href":"https:\/\/brafp.org.br\/iafp2024\/wp-json\/wp\/v2\/pages\/4747\/revisions\/4757"}],"wp:attachment":[{"href":"https:\/\/brafp.org.br\/iafp2024\/wp-json\/wp\/v2\/media?parent=4747"}],"curies":[{"name":"wp","href":"https:\/\/api.w.org\/{rel}","templated":true}]}}