{"id":4864,"date":"2024-10-22T15:56:01","date_gmt":"2024-10-22T18:56:01","guid":{"rendered":"https:\/\/brafp.org.br\/iafp2024\/?page_id=4864"},"modified":"2024-11-26T12:04:43","modified_gmt":"2024-11-26T15:04:43","slug":"palestrantes-apoio","status":"publish","type":"page","link":"https:\/\/brafp.org.br\/iafp2024\/palestrantes-apoio\/","title":{"rendered":"Palestrantes &#8211; Apoio"},"content":{"rendered":"<p><strong>EDITAL DE CONCESS\u00c3O DE APOIO FINANCEIRO PARA PALESTRANTES &#8211; PARTICIPA\u00c7\u00c3O NO IAFP LATINO 2024<\/strong><\/p>\n<p><strong>1. Objetivo<\/strong><br \/>\nO presente edital visa conceder apoio financeiro a at\u00e9 10 palestrantes do IAFP Latino 2024 atrav\u00e9s de concess\u00e3o de di\u00e1rias no valor total de R$ 1.280,00 (aproximadamente U$220), utilizando recursos da BRAFP.<\/p>\n<p><strong>2. Candidatura<\/strong><br \/>\nPara se candidatar, o palestrante deve: 1) possuir pelo menos uma palestra prevista em mesa redonda inclu\u00edda na programa\u00e7\u00e3o e 2) ter realizada a sua inscri\u00e7\u00e3o no IAFP Latino 2024. Para concorrer ao apoio, o palestrante apto a concorrer deve preencher o formul\u00e1rio dispon\u00edvel em <a href=\"https:\/\/forms.gle\/4FXbGUqbCad9BBYP9\" target=\"_blank\" rel=\"noopener\">https:\/\/forms.gle\/4FXbGUqbCad9BBYP9<\/a>. <strong>Prazo para inscri\u00e7\u00e3o: 27 de outubro de 2024 (23h55min)<\/strong>: ap\u00f3s esta data, o formul\u00e1rio ficar\u00e1 indispon\u00edvel. Inscri\u00e7\u00f5es em portugu\u00eas, espanhol e ingl\u00eas ser\u00e3o aceitas.<\/p>\n<p><strong>3. Avalia\u00e7\u00e3o das candidaturas<\/strong><br \/>\nAs candidaturas ser\u00e3o avaliadas quanto ao atendimento dos requisitos listados no item 2. A Comiss\u00e3o Organizadora do IAFP Latino 2024 analisar\u00e1 as candidaturas e selecionar\u00e1 at\u00e9 10 inscritos, considerando pertin\u00eancia da solicita\u00e7\u00e3o, evid\u00eancias de apoios complementares e disponibilidade de recursos. Os resultados ser\u00e3o comunicados aos candidatos por e-mail at\u00e9 <strong>o dia 29 de outubro de 2024. Nota: o resultado divulgado ser\u00e1 definitivo, n\u00e3o sendo poss\u00edvel solicita\u00e7\u00f5es de reconsidera\u00e7\u00e3o.<\/strong><\/p>\n<p><strong>4. Responsabilidades dos benefici\u00e1rios<\/strong><br \/>\nOs palestrantes contemplados receber\u00e3o o valor do apoio financeiro no primeiro dia do evento, ap\u00f3s identifica\u00e7\u00e3o na recep\u00e7\u00e3o do evento e assinatura de um recibo emitido pela BRAFP.<\/p>\n<p><strong>5. Responsabilidades da BRAFP<\/strong><br \/>\nA BRAFP ir\u00e1 manter sob sua responsabilidade os recibos assinados para presta\u00e7\u00e3o de contas.<\/p>\n<p><em>S\u00e3o Paulo, 22 de outubro de 2024<\/em><\/p>\n<p><strong><br \/>\nPalestrantes selecionados para concess\u00e3o do apoio<\/p>\n<p><\/strong>9 palestrantes de diferentes pa\u00edses foram contemplados com o apoio financeiro para a participa\u00e7\u00e3o no IAFP Latino 2024<\/p>\n","protected":false},"excerpt":{"rendered":"<p>EDITAL DE CONCESS\u00c3O DE APOIO FINANCEIRO PARA PALESTRANTES &#8211; PARTICIPA\u00c7\u00c3O NO IAFP LATINO 2024 1. Objetivo O presente edital visa conceder apoio financeiro a at\u00e9 10 palestrantes do IAFP Latino 2024 atrav\u00e9s de concess\u00e3o de di\u00e1rias no valor total de R$ 1.280,00 (aproximadamente U$220), utilizando recursos da BRAFP. 2. Candidatura Para se candidatar, o palestrante [&hellip;]<\/p>\n","protected":false},"author":1,"featured_media":0,"parent":0,"menu_order":0,"comment_status":"closed","ping_status":"closed","template":"","meta":{"footnotes":""},"_links":{"self":[{"href":"https:\/\/brafp.org.br\/iafp2024\/wp-json\/wp\/v2\/pages\/4864"}],"collection":[{"href":"https:\/\/brafp.org.br\/iafp2024\/wp-json\/wp\/v2\/pages"}],"about":[{"href":"https:\/\/brafp.org.br\/iafp2024\/wp-json\/wp\/v2\/types\/page"}],"author":[{"embeddable":true,"href":"https:\/\/brafp.org.br\/iafp2024\/wp-json\/wp\/v2\/users\/1"}],"replies":[{"embeddable":true,"href":"https:\/\/brafp.org.br\/iafp2024\/wp-json\/wp\/v2\/comments?post=4864"}],"version-history":[{"count":3,"href":"https:\/\/brafp.org.br\/iafp2024\/wp-json\/wp\/v2\/pages\/4864\/revisions"}],"predecessor-version":[{"id":5472,"href":"https:\/\/brafp.org.br\/iafp2024\/wp-json\/wp\/v2\/pages\/4864\/revisions\/5472"}],"wp:attachment":[{"href":"https:\/\/brafp.org.br\/iafp2024\/wp-json\/wp\/v2\/media?parent=4864"}],"curies":[{"name":"wp","href":"https:\/\/api.w.org\/{rel}","templated":true}]}}