{"id":604,"date":"2022-11-09T11:00:14","date_gmt":"2022-11-09T14:00:14","guid":{"rendered":"https:\/\/abrapaalimentos.com.br\/simposioabrapa2023\/?page_id=604"},"modified":"2022-12-19T16:18:50","modified_gmt":"2022-12-19T19:18:50","slug":"local","status":"publish","type":"page","link":"https:\/\/brafp.org.br\/simposioabrapa2023\/local\/","title":{"rendered":"Local"},"content":{"rendered":"\t\t<div data-elementor-type=\"wp-page\" data-elementor-id=\"604\" class=\"elementor elementor-604\">\n\t\t\t\t\t\t\t\t\t<section class=\"elementor-section elementor-top-section elementor-element elementor-element-d75dd70 elementor-section-boxed elementor-section-height-default elementor-section-height-default\" data-id=\"d75dd70\" data-element_type=\"section\" data-settings=\"{&quot;background_background&quot;:&quot;classic&quot;}\">\n\t\t\t\t\t\t<div class=\"elementor-container elementor-column-gap-default\">\n\t\t\t\t\t<div class=\"elementor-column elementor-col-100 elementor-top-column elementor-element elementor-element-74fc98d\" data-id=\"74fc98d\" data-element_type=\"column\">\n\t\t\t<div class=\"elementor-widget-wrap elementor-element-populated\">\n\t\t\t\t\t\t\t\t<section class=\"elementor-section elementor-inner-section elementor-element elementor-element-2acd31b elementor-section-boxed elementor-section-height-default elementor-section-height-default\" data-id=\"2acd31b\" data-element_type=\"section\">\n\t\t\t\t\t\t<div class=\"elementor-container elementor-column-gap-default\">\n\t\t\t\t\t<div class=\"elementor-column elementor-col-50 elementor-inner-column elementor-element elementor-element-db6735e\" data-id=\"db6735e\" data-element_type=\"column\">\n\t\t\t<div class=\"elementor-widget-wrap elementor-element-populated\">\n\t\t\t\t\t\t\t\t<div class=\"elementor-element elementor-element-1248f80 elementor-widget elementor-widget-image\" data-id=\"1248f80\" data-element_type=\"widget\" data-widget_type=\"image.default\">\n\t\t\t\t<div class=\"elementor-widget-container\">\n\t\t\t<style>\/*! elementor - v3.7.6 - 15-09-2022 *\/\n.elementor-widget-image{text-align:center}.elementor-widget-image a{display:inline-block}.elementor-widget-image a img[src$=\".svg\"]{width:48px}.elementor-widget-image img{vertical-align:middle;display:inline-block}<\/style>\t\t\t\t\t\t\t\t\t\t\t\t<img decoding=\"async\" width=\"800\" height=\"557\" src=\"https:\/\/brafp.org.br\/simposioabrapa2023\/wp-content\/uploads\/2022\/12\/img.png\" class=\"attachment-large size-large\" alt=\"\" loading=\"lazy\" srcset=\"https:\/\/brafp.org.br\/simposioabrapa2023\/wp-content\/uploads\/2022\/12\/img.png 828w, https:\/\/brafp.org.br\/simposioabrapa2023\/wp-content\/uploads\/2022\/12\/img-300x209.png 300w, https:\/\/brafp.org.br\/simposioabrapa2023\/wp-content\/uploads\/2022\/12\/img-768x535.png 768w\" sizes=\"(max-width: 800px) 100vw, 800px\" \/>\t\t\t\t\t\t\t\t\t\t\t\t\t\t\t<\/div>\n\t\t\t\t<\/div>\n\t\t\t\t\t<\/div>\n\t\t<\/div>\n\t\t\t\t<div class=\"elementor-column elementor-col-50 elementor-inner-column elementor-element elementor-element-931f459\" data-id=\"931f459\" data-element_type=\"column\">\n\t\t\t<div class=\"elementor-widget-wrap elementor-element-populated\">\n\t\t\t\t\t\t\t\t<div class=\"elementor-element elementor-element-9a23040 elementor-widget elementor-widget-heading\" data-id=\"9a23040\" data-element_type=\"widget\" data-widget_type=\"heading.default\">\n\t\t\t\t<div class=\"elementor-widget-container\">\n\t\t\t<style>\/*! elementor - v3.7.6 - 15-09-2022 *\/\n.elementor-heading-title{padding:0;margin:0;line-height:1}.elementor-widget-heading .elementor-heading-title[class*=elementor-size-]>a{color:inherit;font-size:inherit;line-height:inherit}.elementor-widget-heading .elementor-heading-title.elementor-size-small{font-size:15px}.elementor-widget-heading .elementor-heading-title.elementor-size-medium{font-size:19px}.elementor-widget-heading .elementor-heading-title.elementor-size-large{font-size:29px}.elementor-widget-heading .elementor-heading-title.elementor-size-xl{font-size:39px}.elementor-widget-heading .elementor-heading-title.elementor-size-xxl{font-size:59px}<\/style><p class=\"elementor-heading-title elementor-size-default\">Local<\/p>\t\t<\/div>\n\t\t\t\t<\/div>\n\t\t\t\t<div class=\"elementor-element elementor-element-ab30a5a elementor-widget elementor-widget-theme-post-title elementor-page-title elementor-widget-heading\" data-id=\"ab30a5a\" data-element_type=\"widget\" data-widget_type=\"theme-post-title.default\">\n\t\t\t\t<div class=\"elementor-widget-container\">\n\t\t\t<h1 class=\"elementor-heading-title elementor-size-default\">Inicial \/\/  Local<\/h1>\t\t<\/div>\n\t\t\t\t<\/div>\n\t\t\t\t<div class=\"elementor-element elementor-element-547fca9 elementor-widget elementor-widget-text-editor\" data-id=\"547fca9\" data-element_type=\"widget\" data-widget_type=\"text-editor.default\">\n\t\t\t\t<div class=\"elementor-widget-container\">\n\t\t\t<style>\/*! elementor - v3.7.6 - 15-09-2022 *\/\n.elementor-widget-text-editor.elementor-drop-cap-view-stacked .elementor-drop-cap{background-color:#818a91;color:#fff}.elementor-widget-text-editor.elementor-drop-cap-view-framed .elementor-drop-cap{color:#818a91;border:3px solid;background-color:transparent}.elementor-widget-text-editor:not(.elementor-drop-cap-view-default) .elementor-drop-cap{margin-top:8px}.elementor-widget-text-editor:not(.elementor-drop-cap-view-default) .elementor-drop-cap-letter{width:1em;height:1em}.elementor-widget-text-editor .elementor-drop-cap{float:left;text-align:center;line-height:1;font-size:50px}.elementor-widget-text-editor .elementor-drop-cap-letter{display:inline-block}<\/style>\t\t\t\t<div class=\"page\" title=\"Page 2\"><div class=\"section\"><div class=\"layoutArea\"><div class=\"column\"><div class=\"page\" title=\"Page 5\"><div class=\"section\"><div class=\"layoutArea\"><div class=\"column\"><p>O Simpo\u0301sio Internacional ABRAPA 2023 sera\u0301 realizado no audito\u0301rio do<a href=\"http:\/\/www.iee.usp.br\/?q=pt-br\/audit%C3%B3rio-do-ieeusp\" target=\"_blank\" rel=\"noopener\"> Instituto de Energia e Ambiente da Universidade de Sa\u0303o Paulo<\/a>, localizado na Cidade Universita\u0301ria da USP, no enderec\u0327o:<\/p><p>Instituto de Energia e Ambiente da Universidade de Sa\u0303o Paulo Avenida Professor Luciano Gualberto, 1289<br \/>Cidade Universita\u0301ria CEP 05508-010 &#8211; Butanta\u0303 &#8211; Sa\u0303o Paulo SP<\/p><p>Para verificar hote\u0301is, restaurantes e melhores formas para acesso, consulte o mapa ao lado<\/p><\/div><\/div><\/div><\/div><\/div><\/div><\/div><\/div>\t\t\t\t\t\t<\/div>\n\t\t\t\t<\/div>\n\t\t\t\t\t<\/div>\n\t\t<\/div>\n\t\t\t\t\t\t\t<\/div>\n\t\t<\/section>\n\t\t\t\t<section class=\"elementor-section elementor-inner-section elementor-element elementor-element-b4640e9 elementor-section-boxed elementor-section-height-default elementor-section-height-default\" data-id=\"b4640e9\" data-element_type=\"section\">\n\t\t\t\t\t\t<div class=\"elementor-container elementor-column-gap-default\">\n\t\t\t\t\t<div class=\"elementor-column elementor-col-50 elementor-inner-column elementor-element elementor-element-da078e7\" data-id=\"da078e7\" data-element_type=\"column\">\n\t\t\t<div class=\"elementor-widget-wrap elementor-element-populated\">\n\t\t\t\t\t\t\t\t<div class=\"elementor-element elementor-element-11f57c2 elementor-widget elementor-widget-heading\" data-id=\"11f57c2\" data-element_type=\"widget\" data-widget_type=\"heading.default\">\n\t\t\t\t<div class=\"elementor-widget-container\">\n\t\t\t<h2 class=\"elementor-heading-title elementor-size-default\">Informa\u00e7\u00f5es \u00fateis<\/h2>\t\t<\/div>\n\t\t\t\t<\/div>\n\t\t\t\t<div class=\"elementor-element elementor-element-6d64bd6 elementor-widget elementor-widget-button\" data-id=\"6d64bd6\" data-element_type=\"widget\" data-widget_type=\"button.default\">\n\t\t\t\t<div class=\"elementor-widget-container\">\n\t\t\t\t\t<div class=\"elementor-button-wrapper\">\n\t\t\t<a href=\"https:\/\/www.google.com\/search?q=Restaurantes+perto+da+USP&#038;rlz=1C5CHFA_enBR904BR904&#038;biw=1821&#038;bih=854&#038;sz=0&#038;tbm=lcl&#038;ei=ErmgY9TlLPrU1sQP1eeC6AQ&#038;ved=0ahUKEwjUtvj_sob8AhV6qpUCHdWzAE0Q4dUDCAk&#038;uact=5&#038;oq=Restaurantes+perto+da+USP&#038;gs_lcp=Cg1nd3Mtd2l6LWxvY2FsEAMyBQgAEIAEMgYIABAWEB4yBggAEBYQHlAAWABg_QJoAHAAeACAAVOIAVOSAQExmAEAwAEB&#038;sclient=gws-wiz-local#rlfi=hd:;si:;mv:%5B%5B-23.5503131,-46.71929360000001%5D,%5B-23.5712604,-46.741842999999996%5D%5D;tbs:lrf:!1m4!1u3!2m2!3m1!1e1!1m4!1u5!2m2!5m1!1sgcid_3vegetarian_1restaurant!1m4!1u5!2m2!5m1!1sgcid_3brazilian_1restaurant!1m4!1u2!2m2!2m1!1e1!2m1!1e2!2m1!1e5!2m1!1e3!3sIAEqAkJS,lf:1,lf_ui:9\" target=\"_blank\" class=\"elementor-button-link elementor-button elementor-size-sm\" role=\"button\">\n\t\t\t\t\t\t<span class=\"elementor-button-content-wrapper\">\n\t\t\t\t\t\t\t<span class=\"elementor-button-icon elementor-align-icon-left\">\n\t\t\t\t<i aria-hidden=\"true\" class=\"fas fa-external-link-square-alt\"><\/i>\t\t\t<\/span>\n\t\t\t\t\t\t<span class=\"elementor-button-text\">Restaurantes pr\u00f3ximos<\/span>\n\t\t<\/span>\n\t\t\t\t\t<\/a>\n\t\t<\/div>\n\t\t\t\t<\/div>\n\t\t\t\t<\/div>\n\t\t\t\t<div class=\"elementor-element elementor-element-24dac49 elementor-widget elementor-widget-button\" data-id=\"24dac49\" data-element_type=\"widget\" data-widget_type=\"button.default\">\n\t\t\t\t<div class=\"elementor-widget-container\">\n\t\t\t\t\t<div class=\"elementor-button-wrapper\">\n\t\t\t<a href=\"https:\/\/www.google.com\/search?q=hoteis%20perto%20da%20USP&#038;rlz=1C5CHFA_enBR904BR904&#038;biw=1811&#038;bih=906&#038;tbm=lcl&#038;sxsrf=ALiCzsZHMImVhJrMuX-O76yLHpfmC5-TDQ%3A1670362037606&#038;ei=tbOPY47JJIXe5OUP5-2ICA&#038;ved=0ahUKEwjO95a_9-X7AhUFL7kGHec2AgEQ4dUDCAk&#038;uact=5&#038;oq=hoteis+perto+da+USP&#038;gs_lcp=Cg1nd3Mtd2l6LWxvY2FsEAMyBQgAEIAEMgYIABAeEAo6BAgjECc6BAgAEB46BggAEAcQHjoHCAAQgAQQDToICAAQBxAeEApQrgZYzAlgqgxoAHAAeAGAAYoCiAH1B5IBBTEuNi4xmAEAoAEBwAEB&#038;sclient=gws-wiz-local&#038;tbs=lrf:!1m4!1u7!2m2!7m1!4e1!1m4!1u2!2m2!2m1!1e1!1m4!1u10!2m2!11m1!1e6!1m4!1u10!2m2!11m1!1e9!1m4!1u10!2m2!11m1!1e19!1m4!1u10!2m2!11m1!1e20!1m4!1u10!2m2!11m1!1e7!2m1!1e2!2m7!1e17!4m2!17m1!1e3!4m2!17m1!1e8!3sIAE,lf:1,lf_ui:6&#038;rlst=f#rlfi=hd:;si:;mv:%5B%5B-23.5464308,-46.7233744%5D,%5B-23.5736882,-46.759542599999996%5D%5D;tbs:lrf:!1m4!1u7!2m2!7m1!4e1!1m4!1u2!2m2!2m1!1e1!1m4!1u10!2m2!11m1!1e6!1m4!1u10!2m2!11m1!1e9!1m4!1u10!2m2!11m1!1e19!1m4!1u10!2m2!11m1!1e20!1m4!1u10!2m2!11m1!1e7!2m1!1e2!2m7!1e17!4m2!17m1!1e3!4m2!17m1!1e8!3sIAE,lf:1,lf_ui:6\" target=\"_blank\" class=\"elementor-button-link elementor-button elementor-size-sm\" role=\"button\">\n\t\t\t\t\t\t<span class=\"elementor-button-content-wrapper\">\n\t\t\t\t\t\t\t<span class=\"elementor-button-icon elementor-align-icon-left\">\n\t\t\t\t<i aria-hidden=\"true\" class=\"fas fa-external-link-square-alt\"><\/i>\t\t\t<\/span>\n\t\t\t\t\t\t<span class=\"elementor-button-text\">Hot\u00e9is pr\u00f3ximos<\/span>\n\t\t<\/span>\n\t\t\t\t\t<\/a>\n\t\t<\/div>\n\t\t\t\t<\/div>\n\t\t\t\t<\/div>\n\t\t\t\t<div class=\"elementor-element elementor-element-7d67664 elementor-widget elementor-widget-button\" data-id=\"7d67664\" data-element_type=\"widget\" data-widget_type=\"button.default\">\n\t\t\t\t<div class=\"elementor-widget-container\">\n\t\t\t\t\t<div class=\"elementor-button-wrapper\">\n\t\t\t<a href=\"https:\/\/www.google.com\/search?rlz=1C5CHFA_enBR904BR904&#038;sz=0&#038;q=shopping+perto+da+USP&#038;sa=X&#038;ved=2ahUKEwjznarhsob8AhXErpUCHYhVBSYQuzF6BAgDEAI&#038;biw=1821&#038;bih=854&#038;dpr=1\" target=\"_blank\" class=\"elementor-button-link elementor-button elementor-size-sm\" role=\"button\">\n\t\t\t\t\t\t<span class=\"elementor-button-content-wrapper\">\n\t\t\t\t\t\t\t<span class=\"elementor-button-icon elementor-align-icon-left\">\n\t\t\t\t<i aria-hidden=\"true\" class=\"fas fa-external-link-square-alt\"><\/i>\t\t\t<\/span>\n\t\t\t\t\t\t<span class=\"elementor-button-text\">Shoppings pr\u00f3ximos<\/span>\n\t\t<\/span>\n\t\t\t\t\t<\/a>\n\t\t<\/div>\n\t\t\t\t<\/div>\n\t\t\t\t<\/div>\n\t\t\t\t\t<\/div>\n\t\t<\/div>\n\t\t\t\t<div class=\"elementor-column elementor-col-50 elementor-inner-column elementor-element elementor-element-a107f78\" data-id=\"a107f78\" data-element_type=\"column\">\n\t\t\t<div class=\"elementor-widget-wrap elementor-element-populated\">\n\t\t\t\t\t\t\t\t<div class=\"elementor-element elementor-element-f54723c elementor-widget elementor-widget-heading\" data-id=\"f54723c\" data-element_type=\"widget\" data-widget_type=\"heading.default\">\n\t\t\t\t<div class=\"elementor-widget-container\">\n\t\t\t<h2 class=\"elementor-heading-title elementor-size-default\">Localiza\u00e7\u00e3o<\/h2>\t\t<\/div>\n\t\t\t\t<\/div>\n\t\t\t\t<div class=\"elementor-element elementor-element-e6b3594 elementor-widget elementor-widget-google_maps\" data-id=\"e6b3594\" data-element_type=\"widget\" data-widget_type=\"google_maps.default\">\n\t\t\t\t<div class=\"elementor-widget-container\">\n\t\t\t<style>\/*! elementor - v3.7.6 - 15-09-2022 *\/\n.elementor-widget-google_maps .elementor-widget-container{overflow:hidden}.elementor-widget-google_maps iframe{height:300px}<\/style>\t\t<div class=\"elementor-custom-embed\">\n\t\t\t<iframe frameborder=\"0\" scrolling=\"no\" marginheight=\"0\" marginwidth=\"0\"\n\t\t\t\t\tsrc=\"https:\/\/maps.google.com\/maps?q=Av.%20Prof.%20Luciano%20Gualberto%2C%201289%20-%20Vila%20Universitaria%2C%20S%C3%A3o%20Paulo%20-%20SP%2C%2005508-900&#038;t=m&#038;z=16&#038;output=embed&#038;iwloc=near\"\n\t\t\t\t\ttitle=\"Av. Prof. Luciano Gualberto, 1289 - Vila Universitaria, S\u00e3o Paulo - SP, 05508-900\"\n\t\t\t\t\taria-label=\"Av. Prof. Luciano Gualberto, 1289 - Vila Universitaria, S\u00e3o Paulo - SP, 05508-900\"\n\t\t\t><\/iframe>\n\t\t<\/div>\n\t\t\t\t<\/div>\n\t\t\t\t<\/div>\n\t\t\t\t\t<\/div>\n\t\t<\/div>\n\t\t\t\t\t\t\t<\/div>\n\t\t<\/section>\n\t\t\t\t\t<\/div>\n\t\t<\/div>\n\t\t\t\t\t\t\t<\/div>\n\t\t<\/section>\n\t\t\t\t\t\t\t<\/div>\n\t\t","protected":false},"excerpt":{"rendered":"<p>Local O Simpo\u0301sio Internacional ABRAPA 2023 sera\u0301 realizado no audito\u0301rio do Instituto de Energia e Ambiente da Universidade de Sa\u0303o Paulo, localizado na Cidade Universita\u0301ria da USP, no enderec\u0327o: Instituto de Energia e Ambiente da Universidade de Sa\u0303o Paulo Avenida Professor Luciano Gualberto, 1289Cidade Universita\u0301ria CEP 05508-010 &#8211; Butanta\u0303 &#8211; Sa\u0303o Paulo SP Para verificar [&hellip;]<\/p>\n","protected":false},"author":1,"featured_media":0,"parent":0,"menu_order":0,"comment_status":"closed","ping_status":"closed","template":"","meta":[],"_links":{"self":[{"href":"https:\/\/brafp.org.br\/simposioabrapa2023\/wp-json\/wp\/v2\/pages\/604"}],"collection":[{"href":"https:\/\/brafp.org.br\/simposioabrapa2023\/wp-json\/wp\/v2\/pages"}],"about":[{"href":"https:\/\/brafp.org.br\/simposioabrapa2023\/wp-json\/wp\/v2\/types\/page"}],"author":[{"embeddable":true,"href":"https:\/\/brafp.org.br\/simposioabrapa2023\/wp-json\/wp\/v2\/users\/1"}],"replies":[{"embeddable":true,"href":"https:\/\/brafp.org.br\/simposioabrapa2023\/wp-json\/wp\/v2\/comments?post=604"}],"version-history":[{"count":37,"href":"https:\/\/brafp.org.br\/simposioabrapa2023\/wp-json\/wp\/v2\/pages\/604\/revisions"}],"predecessor-version":[{"id":1247,"href":"https:\/\/brafp.org.br\/simposioabrapa2023\/wp-json\/wp\/v2\/pages\/604\/revisions\/1247"}],"wp:attachment":[{"href":"https:\/\/brafp.org.br\/simposioabrapa2023\/wp-json\/wp\/v2\/media?parent=604"}],"curies":[{"name":"wp","href":"https:\/\/api.w.org\/{rel}","templated":true}]}}